{"id":498,"date":"2021-03-21T18:16:50","date_gmt":"2021-03-21T17:16:50","guid":{"rendered":"https:\/\/gambian-bridge.org\/?page_id=498"},"modified":"2025-02-18T20:23:05","modified_gmt":"2025-02-18T19:23:05","slug":"schueler-in-anderen-bildungseinrichtungen","status":"publish","type":"page","link":"https:\/\/gambian-bridge.org\/en\/projekte\/patenschaften\/schueler-in-anderen-bildungseinrichtungen\/","title":{"rendered":"Sch\u00fcler in anderen Bildungseinrichtungen"},"content":{"rendered":"\n<div id=\"AndereBildungseinrichtungen\" class=\"wp-block-group\"><div class=\"wp-block-group__inner-container is-layout-flow wp-block-group-is-layout-flow\">\n<p>Neben den Sch\u00fclerInnen der Rhema Abam School unterst\u00fctzen wir Sch\u00fclerInnen, Auszubildende\u00a0 und Studenten an anderen Schulen und Bildungseinrichtungen. Diese m\u00f6chten wir wir Euch hier vorstellen .<\/p>\n<\/div><\/div>\n\n\n\n<h3 class=\"wp-block-heading\"><strong>Primary School<\/strong><\/h3>\n\n\n\n<ul class=\"wp-block-list\">\n<li>Good Man Primary School<\/li>\n\n\n\n<li>Little Acorns School<\/li>\n\n\n\n<li>Mandela Academy School <\/li>\n\n\n\n<li>Spirit of Light Primary School<\/li>\n<\/ul>\n\n\n\n<h3 class=\"wp-block-heading\"><strong>Lower Basic School<\/strong><\/h3>\n\n\n\n<ul class=\"wp-block-list\">\n<li>Picca Lower Basic &amp; Nursery School<\/li>\n\n\n\n<li>Sanchaba Sulay Jobe Lower Basic School<\/li>\n<\/ul>\n\n\n\n<h3 class=\"wp-block-heading\">Upper Basic School<\/h3>\n\n\n\n<ul class=\"wp-block-list\">\n<li>Agape Upper Basic School<\/li>\n\n\n\n<li>Carter Nursery (Tallinding Central Nursery School)<\/li>\n\n\n\n<li>Carter Upper Basic (Tallinding Central Nursery School)<\/li>\n\n\n\n<li>Charles Jow Memorial Academy<\/li>\n\n\n\n<li>SOS Children&#8217;s Village The Gambia<\/li>\n<\/ul>\n\n\n\n<h3 class=\"wp-block-heading\">College<\/h3>\n\n\n\n<ul class=\"wp-block-list\">\n<li>Gambia College School of Agriculture<\/li>\n\n\n\n<li>Gambia College School of Education<\/li>\n<\/ul>\n\n\n\n<h3 class=\"wp-block-heading\">University<\/h3>\n\n\n\n<ul class=\"wp-block-list\">\n<li>University of The Gambia (UTG)<\/li>\n<\/ul>\n\n\n\n<h3 class=\"wp-block-heading\">Andere<\/h3>\n\n\n\n<ul class=\"wp-block-list\">\n<li>Baba Jaiteh Memorial Islamic School<\/li>\n\n\n\n<li>Gambia Technical Training Institute (GTTI)<\/li>\n\n\n\n<li>Glory Baptist School, Old Jeshwang<\/li>\n\n\n\n<li>Jireh Education Center<\/li>\n\n\n\n<li>Nigeria International School<\/li>\n\n\n\n<li>Reach Education Centre Wellingara<\/li>\n<\/ul>\n","protected":false},"excerpt":{"rendered":"<p>Primary School Lower Basic School Upper Basic School College University Andere<\/p>\n","protected":false},"author":1,"featured_media":0,"parent":493,"menu_order":2,"comment_status":"closed","ping_status":"closed","template":"","meta":{"_crdt_document":"","footnotes":""},"class_list":["post-498","page","type-page","status-publish","hentry","nodate","item-wrap"],"translation":{"provider":"WPGlobus","version":"3.0.2","language":"en","enabled_languages":["de","en"],"languages":{"de":{"title":true,"content":true,"excerpt":false},"en":{"title":false,"content":false,"excerpt":false}}},"_links":{"self":[{"href":"https:\/\/gambian-bridge.org\/en\/wp-json\/wp\/v2\/pages\/498","targetHints":{"allow":["GET"]}}],"collection":[{"href":"https:\/\/gambian-bridge.org\/en\/wp-json\/wp\/v2\/pages"}],"about":[{"href":"https:\/\/gambian-bridge.org\/en\/wp-json\/wp\/v2\/types\/page"}],"author":[{"embeddable":true,"href":"https:\/\/gambian-bridge.org\/en\/wp-json\/wp\/v2\/users\/1"}],"replies":[{"embeddable":true,"href":"https:\/\/gambian-bridge.org\/en\/wp-json\/wp\/v2\/comments?post=498"}],"version-history":[{"count":11,"href":"https:\/\/gambian-bridge.org\/en\/wp-json\/wp\/v2\/pages\/498\/revisions"}],"predecessor-version":[{"id":1209,"href":"https:\/\/gambian-bridge.org\/en\/wp-json\/wp\/v2\/pages\/498\/revisions\/1209"}],"up":[{"embeddable":true,"href":"https:\/\/gambian-bridge.org\/en\/wp-json\/wp\/v2\/pages\/493"}],"wp:attachment":[{"href":"https:\/\/gambian-bridge.org\/en\/wp-json\/wp\/v2\/media?parent=498"}],"curies":[{"name":"wp","href":"https:\/\/api.w.org\/{rel}","templated":true}]}}