{"id":493,"date":"2021-03-21T17:58:16","date_gmt":"2021-03-21T16:58:16","guid":{"rendered":"https:\/\/gambian-bridge.org\/?page_id=493"},"modified":"2025-02-18T20:21:45","modified_gmt":"2025-02-18T19:21:45","slug":"patenschaften","status":"publish","type":"page","link":"https:\/\/gambian-bridge.org\/en\/projekte\/patenschaften\/","title":{"rendered":"Patenschaften"},"content":{"rendered":"\n<p>Zentrales Anliegen unserer Arbeit ist die Pflege von Sch\u00fclerpatenschaften. Unsere Sponsoren \u00fcbernehmen dabei die F\u00f6rderung eines Kindes, in der Regel bis zur 6. Klasse der Primary School.  Dank dieser Unterst\u00fctzung  k\u00f6nnen diese Kinder die Primary School und weiterf\u00fchrende Schulen besuchen. Gef\u00f6rdert werden in der Regel die monatlichen Schulgeb\u00fchren, der Kauf von Schulb\u00fcchern und Schuluniformen.<\/p>\n\n\n\n<p>Eine gro\u00dfe Anzahl der von unserem Verein gef\u00f6rderten Kinder besucht die &#8220;Rhema Abam School &#8221; in Bundung. Die Unterst\u00fctzung umfasst die dort angebotenen Ausbildungsstufen Nursery und Primary. Und sie endet regul\u00e4r mit dem Abschluss der 6. Klasse. Mittlerweile f\u00f6rdern wir aber auch viele Ehemalige der Rhema Abam School, die verschiedene Schulen in den Schulstufen Middle (Junior School Certificate) und Senior Secondary (West African Senior Secondary Certificate Examination) besuchen.<\/p>\n\n\n\n<p>Wir arbeiten aber auch verst\u00e4rkt mit andere Schulen in The Gambia zusammen. Au\u00dferdem pflegen wir Patenschaften zu jungen Menschen die Technical Trainings absolvieren, das <a href=\"https:\/\/gc.edu.gm\/\" target=\"_blank\" rel=\"noopener\">The Gambia College<\/a> oder <a href=\"https:\/\/www.utg.edu.gm\/\" target=\"_blank\" rel=\"noopener\">The University of The Gambia<\/a> besuchen.<\/p>\n","protected":false},"excerpt":{"rendered":"","protected":false},"author":1,"featured_media":0,"parent":281,"menu_order":2,"comment_status":"closed","ping_status":"closed","template":"","meta":{"_crdt_document":"","footnotes":""},"class_list":["post-493","page","type-page","status-publish","hentry","nodate","item-wrap"],"translation":{"provider":"WPGlobus","version":"3.0.2","language":"en","enabled_languages":["de","en"],"languages":{"de":{"title":true,"content":true,"excerpt":false},"en":{"title":false,"content":false,"excerpt":false}}},"_links":{"self":[{"href":"https:\/\/gambian-bridge.org\/en\/wp-json\/wp\/v2\/pages\/493","targetHints":{"allow":["GET"]}}],"collection":[{"href":"https:\/\/gambian-bridge.org\/en\/wp-json\/wp\/v2\/pages"}],"about":[{"href":"https:\/\/gambian-bridge.org\/en\/wp-json\/wp\/v2\/types\/page"}],"author":[{"embeddable":true,"href":"https:\/\/gambian-bridge.org\/en\/wp-json\/wp\/v2\/users\/1"}],"replies":[{"embeddable":true,"href":"https:\/\/gambian-bridge.org\/en\/wp-json\/wp\/v2\/comments?post=493"}],"version-history":[{"count":15,"href":"https:\/\/gambian-bridge.org\/en\/wp-json\/wp\/v2\/pages\/493\/revisions"}],"predecessor-version":[{"id":1207,"href":"https:\/\/gambian-bridge.org\/en\/wp-json\/wp\/v2\/pages\/493\/revisions\/1207"}],"up":[{"embeddable":true,"href":"https:\/\/gambian-bridge.org\/en\/wp-json\/wp\/v2\/pages\/281"}],"wp:attachment":[{"href":"https:\/\/gambian-bridge.org\/en\/wp-json\/wp\/v2\/media?parent=493"}],"curies":[{"name":"wp","href":"https:\/\/api.w.org\/{rel}","templated":true}]}}