{"id":479,"date":"2021-03-21T17:45:39","date_gmt":"2021-03-21T16:45:39","guid":{"rendered":"https:\/\/gambian-bridge.org\/?page_id=479"},"modified":"2021-07-19T21:00:08","modified_gmt":"2021-07-19T19:00:08","slug":"wiederaufbau-des-vorschultraktes","status":"publish","type":"page","link":"https:\/\/gambian-bridge.org\/en\/wiederaufbau-des-vorschultraktes\/","title":{"rendered":"Wiederaufbau des Vorschulgeb\u00e4udes"},"content":{"rendered":"\n<p class=\"wp-block-paragraph\">Das Jahr 2020 wurde f\u00fcr unseren Verein von einem Ereignis dominiert: der Zerst\u00f6rung des Geb\u00e4udes, in dem die Vorschule untergebracht ist. Ein heftiger Sturm deckte das Dach ab und zerst\u00f6rte die Klassenr\u00e4ume. Ohne den Betrieb der Vorschule h\u00e4tte die Schule einen wichtigen Teil des Schulbetriebes einstellen m\u00fcssen. Betroffen davon w\u00e4ren viele Familien und nat\u00fcrlich die Vorschulkinder, die sich nicht mehr auf den Besuch der Primary vorbereiten k\u00f6nnten.<\/p>\n\n\n\n<figure class=\"wp-block-gallery columns-3 is-cropped wp-block-gallery-1 is-layout-flex wp-block-gallery-is-layout-flex\"><ul class=\"blocks-gallery-grid\"><li class=\"blocks-gallery-item\"><figure><img loading=\"lazy\" decoding=\"async\" width=\"746\" height=\"560\" src=\"https:\/\/gambian-bridge.org\/wp-content\/uploads\/2021\/07\/Vorschultrakt_Bild1_b.jpg\" alt=\"\" data-id=\"862\" data-full-url=\"https:\/\/gambian-bridge.org\/wp-content\/uploads\/2021\/07\/Vorschultrakt_Bild1_b.jpg\" data-link=\"https:\/\/gambian-bridge.org\/projekte\/wiederaufbau-des-vorschultraktes\/vorschultrakt_bild1_b\/\" class=\"wp-image-862\" srcset=\"https:\/\/gambian-bridge.org\/wp-content\/uploads\/2021\/07\/Vorschultrakt_Bild1_b.jpg 746w, https:\/\/gambian-bridge.org\/wp-content\/uploads\/2021\/07\/Vorschultrakt_Bild1_b-300x225.jpg 300w\" sizes=\"auto, (max-width: 746px) 100vw, 746px\" \/><\/figure><\/li><li class=\"blocks-gallery-item\"><figure><img loading=\"lazy\" decoding=\"async\" width=\"746\" height=\"560\" src=\"https:\/\/gambian-bridge.org\/wp-content\/uploads\/2021\/07\/Vorschultrakt_Bild2_b.jpg\" alt=\"\" data-id=\"863\" data-full-url=\"https:\/\/gambian-bridge.org\/wp-content\/uploads\/2021\/07\/Vorschultrakt_Bild2_b.jpg\" data-link=\"https:\/\/gambian-bridge.org\/projekte\/wiederaufbau-des-vorschultraktes\/vorschultrakt_bild2_b\/\" class=\"wp-image-863\" srcset=\"https:\/\/gambian-bridge.org\/wp-content\/uploads\/2021\/07\/Vorschultrakt_Bild2_b.jpg 746w, https:\/\/gambian-bridge.org\/wp-content\/uploads\/2021\/07\/Vorschultrakt_Bild2_b-300x225.jpg 300w\" sizes=\"auto, (max-width: 746px) 100vw, 746px\" \/><\/figure><\/li><li class=\"blocks-gallery-item\"><figure><img loading=\"lazy\" decoding=\"async\" width=\"747\" height=\"560\" src=\"https:\/\/gambian-bridge.org\/wp-content\/uploads\/2021\/07\/Vorschultrakt_Bild3_b.jpg\" alt=\"\" data-id=\"864\" data-full-url=\"https:\/\/gambian-bridge.org\/wp-content\/uploads\/2021\/07\/Vorschultrakt_Bild3_b.jpg\" data-link=\"https:\/\/gambian-bridge.org\/projekte\/wiederaufbau-des-vorschultraktes\/vorschultrakt_bild3_b\/\" class=\"wp-image-864\" srcset=\"https:\/\/gambian-bridge.org\/wp-content\/uploads\/2021\/07\/Vorschultrakt_Bild3_b.jpg 747w, https:\/\/gambian-bridge.org\/wp-content\/uploads\/2021\/07\/Vorschultrakt_Bild3_b-300x225.jpg 300w\" sizes=\"auto, (max-width: 747px) 100vw, 747px\" \/><\/figure><\/li><\/ul><\/figure>\n\n\n\n<p class=\"wp-block-paragraph\">Im Gr\u00fcndungsjahr unseres Vereines starteten wir eine Hilfsaktion. Viele unserer Sponsoren, Besucher des Naturerlebnishofes Uferloos und Privatpersonen spendeten Geld. In der Kirche Kienitz f\u00fchrte \u201eNina Clarissa Frenzel und Band\u201c ein <a rel=\"noreferrer noopener\" href=\"https:\/\/gehoertundgesehen.wordpress.com\/2020\/09\/28\/benefizkonzert-des-gambian-bridge-e-v-uferloos-nina-clarissa-frenzel\/\" target=\"_blank\">Benefizkonzert<\/a> auf, dessen Erl\u00f6s f\u00fcr den Wiederaufbau gespendet wurde. Alles in allen konnten wir am Ende 3.070 Euro als Finanzhilfe an die Schule \u00fcberweisen.<\/p>\n\n\n\n<p class=\"wp-block-paragraph\">Doch das ist nur ein Teil der Geschichte. M\u00f6glich wurde der Wideraufbau des Vorschultraktes erst durch die Arbeit der gambischen Kollegen vor Ort. Sie koordinierten den Abriss des eingefallenen Daches, die Beschaffung von Material und die Rekrutierung von Arbeitskr\u00e4ften f\u00fcr den Wiederaufbau. Die Schule war im Zeitraum der Reparaturarbeiten wegen Corona-Auflagen der Regierung geschlossen, so dass die Arbeiten nicht im laufenden Betrieb ausgef\u00fchrt werden mussten.<\/p>\n\n\n\n<figure class=\"wp-block-gallery columns-3 is-cropped wp-block-gallery-2 is-layout-flex wp-block-gallery-is-layout-flex\"><ul class=\"blocks-gallery-grid\"><li class=\"blocks-gallery-item\"><figure><img loading=\"lazy\" decoding=\"async\" width=\"747\" height=\"560\" src=\"https:\/\/gambian-bridge.org\/wp-content\/uploads\/2021\/07\/Vorschultrakt_Bild5_b.jpg\" alt=\"\" data-id=\"866\" data-full-url=\"https:\/\/gambian-bridge.org\/wp-content\/uploads\/2021\/07\/Vorschultrakt_Bild5_b.jpg\" data-link=\"https:\/\/gambian-bridge.org\/projekte\/wiederaufbau-des-vorschultraktes\/vorschultrakt_bild5_b\/\" class=\"wp-image-866\" srcset=\"https:\/\/gambian-bridge.org\/wp-content\/uploads\/2021\/07\/Vorschultrakt_Bild5_b.jpg 747w, https:\/\/gambian-bridge.org\/wp-content\/uploads\/2021\/07\/Vorschultrakt_Bild5_b-300x225.jpg 300w\" sizes=\"auto, (max-width: 747px) 100vw, 747px\" \/><\/figure><\/li><li class=\"blocks-gallery-item\"><figure><img loading=\"lazy\" decoding=\"async\" width=\"747\" height=\"560\" src=\"https:\/\/gambian-bridge.org\/wp-content\/uploads\/2021\/07\/Vorschultrakt_Bild7_b.jpg\" alt=\"\" data-id=\"868\" data-full-url=\"https:\/\/gambian-bridge.org\/wp-content\/uploads\/2021\/07\/Vorschultrakt_Bild7_b.jpg\" data-link=\"https:\/\/gambian-bridge.org\/projekte\/wiederaufbau-des-vorschultraktes\/vorschultrakt_bild7_b\/\" class=\"wp-image-868\" srcset=\"https:\/\/gambian-bridge.org\/wp-content\/uploads\/2021\/07\/Vorschultrakt_Bild7_b.jpg 747w, https:\/\/gambian-bridge.org\/wp-content\/uploads\/2021\/07\/Vorschultrakt_Bild7_b-300x225.jpg 300w\" sizes=\"auto, (max-width: 747px) 100vw, 747px\" \/><\/figure><\/li><li class=\"blocks-gallery-item\"><figure><img loading=\"lazy\" decoding=\"async\" width=\"747\" height=\"560\" src=\"https:\/\/gambian-bridge.org\/wp-content\/uploads\/2021\/07\/Vorschultrakt_Bild4_b.jpg\" alt=\"\" data-id=\"865\" data-full-url=\"https:\/\/gambian-bridge.org\/wp-content\/uploads\/2021\/07\/Vorschultrakt_Bild4_b.jpg\" data-link=\"https:\/\/gambian-bridge.org\/projekte\/wiederaufbau-des-vorschultraktes\/vorschultrakt_bild4_b\/\" class=\"wp-image-865\" srcset=\"https:\/\/gambian-bridge.org\/wp-content\/uploads\/2021\/07\/Vorschultrakt_Bild4_b.jpg 747w, https:\/\/gambian-bridge.org\/wp-content\/uploads\/2021\/07\/Vorschultrakt_Bild4_b-300x225.jpg 300w\" sizes=\"auto, (max-width: 747px) 100vw, 747px\" \/><\/figure><\/li><li class=\"blocks-gallery-item\"><figure><img loading=\"lazy\" decoding=\"async\" width=\"746\" height=\"560\" src=\"https:\/\/gambian-bridge.org\/wp-content\/uploads\/2021\/07\/Vorschultrakt_Bild6_b.jpg\" alt=\"\" data-id=\"867\" data-full-url=\"https:\/\/gambian-bridge.org\/wp-content\/uploads\/2021\/07\/Vorschultrakt_Bild6_b.jpg\" data-link=\"https:\/\/gambian-bridge.org\/projekte\/wiederaufbau-des-vorschultraktes\/vorschultrakt_bild6_b\/\" class=\"wp-image-867\" srcset=\"https:\/\/gambian-bridge.org\/wp-content\/uploads\/2021\/07\/Vorschultrakt_Bild6_b.jpg 746w, https:\/\/gambian-bridge.org\/wp-content\/uploads\/2021\/07\/Vorschultrakt_Bild6_b-300x225.jpg 300w\" sizes=\"auto, (max-width: 746px) 100vw, 746px\" \/><\/figure><\/li><li class=\"blocks-gallery-item\"><figure><img loading=\"lazy\" decoding=\"async\" width=\"746\" height=\"540\" src=\"https:\/\/gambian-bridge.org\/wp-content\/uploads\/2021\/07\/Vorschultrakt_Bild8_b.jpg\" alt=\"\" data-id=\"869\" data-full-url=\"https:\/\/gambian-bridge.org\/wp-content\/uploads\/2021\/07\/Vorschultrakt_Bild8_b.jpg\" data-link=\"https:\/\/gambian-bridge.org\/projekte\/wiederaufbau-des-vorschultraktes\/vorschultrakt_bild8_b\/\" class=\"wp-image-869\" srcset=\"https:\/\/gambian-bridge.org\/wp-content\/uploads\/2021\/07\/Vorschultrakt_Bild8_b.jpg 746w, https:\/\/gambian-bridge.org\/wp-content\/uploads\/2021\/07\/Vorschultrakt_Bild8_b-300x217.jpg 300w\" sizes=\"auto, (max-width: 746px) 100vw, 746px\" \/><\/figure><\/li><li class=\"blocks-gallery-item\"><figure><img loading=\"lazy\" decoding=\"async\" width=\"746\" height=\"560\" src=\"https:\/\/gambian-bridge.org\/wp-content\/uploads\/2021\/07\/Vorschultrakt_Bild11_b.jpg\" alt=\"\" data-id=\"872\" data-full-url=\"https:\/\/gambian-bridge.org\/wp-content\/uploads\/2021\/07\/Vorschultrakt_Bild11_b.jpg\" data-link=\"https:\/\/gambian-bridge.org\/projekte\/wiederaufbau-des-vorschultraktes\/vorschultrakt_bild11_b\/\" class=\"wp-image-872\" srcset=\"https:\/\/gambian-bridge.org\/wp-content\/uploads\/2021\/07\/Vorschultrakt_Bild11_b.jpg 746w, https:\/\/gambian-bridge.org\/wp-content\/uploads\/2021\/07\/Vorschultrakt_Bild11_b-300x225.jpg 300w\" sizes=\"auto, (max-width: 746px) 100vw, 746px\" \/><\/figure><\/li><li class=\"blocks-gallery-item\"><figure><img loading=\"lazy\" decoding=\"async\" width=\"746\" height=\"560\" src=\"https:\/\/gambian-bridge.org\/wp-content\/uploads\/2021\/07\/Vorschultrakt_Bild17_b.jpg\" alt=\"\" data-id=\"878\" data-full-url=\"https:\/\/gambian-bridge.org\/wp-content\/uploads\/2021\/07\/Vorschultrakt_Bild17_b.jpg\" data-link=\"https:\/\/gambian-bridge.org\/projekte\/wiederaufbau-des-vorschultraktes\/vorschultrakt_bild17_b\/\" class=\"wp-image-878\" srcset=\"https:\/\/gambian-bridge.org\/wp-content\/uploads\/2021\/07\/Vorschultrakt_Bild17_b.jpg 746w, https:\/\/gambian-bridge.org\/wp-content\/uploads\/2021\/07\/Vorschultrakt_Bild17_b-300x225.jpg 300w\" sizes=\"auto, (max-width: 746px) 100vw, 746px\" \/><\/figure><\/li><li class=\"blocks-gallery-item\"><figure><img loading=\"lazy\" decoding=\"async\" width=\"746\" height=\"560\" src=\"https:\/\/gambian-bridge.org\/wp-content\/uploads\/2021\/07\/Vorschultrakt_Bild12_b.jpg\" alt=\"\" data-id=\"873\" data-full-url=\"https:\/\/gambian-bridge.org\/wp-content\/uploads\/2021\/07\/Vorschultrakt_Bild12_b.jpg\" data-link=\"https:\/\/gambian-bridge.org\/projekte\/wiederaufbau-des-vorschultraktes\/vorschultrakt_bild12_b\/\" class=\"wp-image-873\" srcset=\"https:\/\/gambian-bridge.org\/wp-content\/uploads\/2021\/07\/Vorschultrakt_Bild12_b.jpg 746w, https:\/\/gambian-bridge.org\/wp-content\/uploads\/2021\/07\/Vorschultrakt_Bild12_b-300x225.jpg 300w\" sizes=\"auto, (max-width: 746px) 100vw, 746px\" \/><\/figure><\/li><li class=\"blocks-gallery-item\"><figure><img loading=\"lazy\" decoding=\"async\" width=\"746\" height=\"560\" src=\"https:\/\/gambian-bridge.org\/wp-content\/uploads\/2021\/07\/Vorschultrakt_Bild13_b.jpg\" alt=\"\" data-id=\"874\" data-full-url=\"https:\/\/gambian-bridge.org\/wp-content\/uploads\/2021\/07\/Vorschultrakt_Bild13_b.jpg\" data-link=\"https:\/\/gambian-bridge.org\/projekte\/wiederaufbau-des-vorschultraktes\/vorschultrakt_bild13_b\/\" class=\"wp-image-874\" srcset=\"https:\/\/gambian-bridge.org\/wp-content\/uploads\/2021\/07\/Vorschultrakt_Bild13_b.jpg 746w, https:\/\/gambian-bridge.org\/wp-content\/uploads\/2021\/07\/Vorschultrakt_Bild13_b-300x225.jpg 300w\" sizes=\"auto, (max-width: 746px) 100vw, 746px\" \/><\/figure><\/li><li class=\"blocks-gallery-item\"><figure><img loading=\"lazy\" decoding=\"async\" width=\"747\" height=\"560\" src=\"https:\/\/gambian-bridge.org\/wp-content\/uploads\/2021\/07\/Vorschultrakt_Bild14_b.jpg\" alt=\"\" data-id=\"875\" data-full-url=\"https:\/\/gambian-bridge.org\/wp-content\/uploads\/2021\/07\/Vorschultrakt_Bild14_b.jpg\" data-link=\"https:\/\/gambian-bridge.org\/projekte\/wiederaufbau-des-vorschultraktes\/vorschultrakt_bild14_b\/\" class=\"wp-image-875\" srcset=\"https:\/\/gambian-bridge.org\/wp-content\/uploads\/2021\/07\/Vorschultrakt_Bild14_b.jpg 747w, https:\/\/gambian-bridge.org\/wp-content\/uploads\/2021\/07\/Vorschultrakt_Bild14_b-300x225.jpg 300w\" sizes=\"auto, (max-width: 747px) 100vw, 747px\" \/><\/figure><\/li><li class=\"blocks-gallery-item\"><figure><img loading=\"lazy\" decoding=\"async\" width=\"747\" height=\"560\" src=\"https:\/\/gambian-bridge.org\/wp-content\/uploads\/2021\/07\/Vorschultrakt_Bild15_b.jpg\" alt=\"\" data-id=\"876\" data-full-url=\"https:\/\/gambian-bridge.org\/wp-content\/uploads\/2021\/07\/Vorschultrakt_Bild15_b.jpg\" data-link=\"https:\/\/gambian-bridge.org\/projekte\/wiederaufbau-des-vorschultraktes\/vorschultrakt_bild15_b\/\" class=\"wp-image-876\" srcset=\"https:\/\/gambian-bridge.org\/wp-content\/uploads\/2021\/07\/Vorschultrakt_Bild15_b.jpg 747w, https:\/\/gambian-bridge.org\/wp-content\/uploads\/2021\/07\/Vorschultrakt_Bild15_b-300x225.jpg 300w\" sizes=\"auto, (max-width: 747px) 100vw, 747px\" \/><\/figure><\/li><li class=\"blocks-gallery-item\"><figure><img loading=\"lazy\" decoding=\"async\" width=\"746\" height=\"560\" src=\"https:\/\/gambian-bridge.org\/wp-content\/uploads\/2021\/07\/Vorschultrakt_Bild18_b.jpg\" alt=\"\" data-id=\"879\" data-full-url=\"https:\/\/gambian-bridge.org\/wp-content\/uploads\/2021\/07\/Vorschultrakt_Bild18_b.jpg\" data-link=\"https:\/\/gambian-bridge.org\/projekte\/wiederaufbau-des-vorschultraktes\/vorschultrakt_bild18_b\/\" class=\"wp-image-879\" srcset=\"https:\/\/gambian-bridge.org\/wp-content\/uploads\/2021\/07\/Vorschultrakt_Bild18_b.jpg 746w, https:\/\/gambian-bridge.org\/wp-content\/uploads\/2021\/07\/Vorschultrakt_Bild18_b-300x225.jpg 300w\" sizes=\"auto, (max-width: 746px) 100vw, 746px\" \/><\/figure><\/li><\/ul><\/figure>\n\n\n\n<p class=\"wp-block-paragraph\">Bei der Begutachtung des besch\u00e4digten Geb\u00e4udes wurde festgestellt, dass wichtige Stabilisierungselemente bei der Errichtung nicht eingebaut waren. Um die Neigung des Daches zu erh\u00f6hen wurden die W\u00e4nde an der Stra\u00dfenseite aufgestockt. Die h\u00f6lzernen Trennw\u00e4nde zwischen den Klassenzimmern wurden durch gemauerte W\u00e4nde ersetzt. Im Dach wurden teilweise transparente Wellplatten eingesetzt, um mehr Licht in die R\u00e4ume zu bekommen. Das hat die Kosten f\u00fcr die Reparatur erh\u00f6ht, doch es hat sich gelohnt. Die R\u00e4ume sind heller und freundlicher als vor dem Umbau.<\/p>\n\n\n\n<figure class=\"wp-block-gallery columns-3 is-cropped wp-block-gallery-3 is-layout-flex wp-block-gallery-is-layout-flex\"><ul class=\"blocks-gallery-grid\"><li class=\"blocks-gallery-item\"><figure><img loading=\"lazy\" decoding=\"async\" width=\"746\" height=\"560\" src=\"https:\/\/gambian-bridge.org\/wp-content\/uploads\/2021\/07\/Vorschultrakt_Bild9_b.jpg\" alt=\"\" data-id=\"870\" data-full-url=\"https:\/\/gambian-bridge.org\/wp-content\/uploads\/2021\/07\/Vorschultrakt_Bild9_b.jpg\" data-link=\"https:\/\/gambian-bridge.org\/projekte\/wiederaufbau-des-vorschultraktes\/vorschultrakt_bild9_b\/\" class=\"wp-image-870\" srcset=\"https:\/\/gambian-bridge.org\/wp-content\/uploads\/2021\/07\/Vorschultrakt_Bild9_b.jpg 746w, https:\/\/gambian-bridge.org\/wp-content\/uploads\/2021\/07\/Vorschultrakt_Bild9_b-300x225.jpg 300w\" sizes=\"auto, (max-width: 746px) 100vw, 746px\" \/><\/figure><\/li><li class=\"blocks-gallery-item\"><figure><img loading=\"lazy\" decoding=\"async\" width=\"747\" height=\"560\" src=\"https:\/\/gambian-bridge.org\/wp-content\/uploads\/2021\/07\/Vorschultrakt_Bild10_b.jpg\" alt=\"\" data-id=\"871\" data-full-url=\"https:\/\/gambian-bridge.org\/wp-content\/uploads\/2021\/07\/Vorschultrakt_Bild10_b.jpg\" data-link=\"https:\/\/gambian-bridge.org\/projekte\/wiederaufbau-des-vorschultraktes\/vorschultrakt_bild10_b\/\" class=\"wp-image-871\" srcset=\"https:\/\/gambian-bridge.org\/wp-content\/uploads\/2021\/07\/Vorschultrakt_Bild10_b.jpg 747w, https:\/\/gambian-bridge.org\/wp-content\/uploads\/2021\/07\/Vorschultrakt_Bild10_b-300x225.jpg 300w\" sizes=\"auto, (max-width: 747px) 100vw, 747px\" \/><\/figure><\/li><li class=\"blocks-gallery-item\"><figure><img loading=\"lazy\" decoding=\"async\" width=\"747\" height=\"560\" src=\"https:\/\/gambian-bridge.org\/wp-content\/uploads\/2021\/07\/Vorschultrakt_Bild19_b.jpg\" alt=\"\" data-id=\"880\" data-full-url=\"https:\/\/gambian-bridge.org\/wp-content\/uploads\/2021\/07\/Vorschultrakt_Bild19_b.jpg\" data-link=\"https:\/\/gambian-bridge.org\/projekte\/wiederaufbau-des-vorschultraktes\/vorschultrakt_bild19_b\/\" class=\"wp-image-880\" srcset=\"https:\/\/gambian-bridge.org\/wp-content\/uploads\/2021\/07\/Vorschultrakt_Bild19_b.jpg 747w, https:\/\/gambian-bridge.org\/wp-content\/uploads\/2021\/07\/Vorschultrakt_Bild19_b-300x225.jpg 300w\" sizes=\"auto, (max-width: 747px) 100vw, 747px\" \/><\/figure><\/li><\/ul><\/figure>\n","protected":false},"excerpt":{"rendered":"<p>Das Jahr 2020 wurde f\u00fcr unseren Verein von einem Ereignis dominiert: der Zerst\u00f6rung des Geb\u00e4udes, in dem die Vorschule untergebracht ist. Ein heftiger Sturm deckte das Dach ab und zerst\u00f6rte die Klassenr\u00e4ume. Ohne den Betrieb der Vorschule h\u00e4tte die Schule einen wichtigen Teil des Schulbetriebes einstellen m\u00fcssen. Betroffen davon w\u00e4ren viele Familien und nat\u00fcrlich die &hellip; <\/p>\n<p><a class=\"more-link btn\" href=\"https:\/\/gambian-bridge.org\/en\/wiederaufbau-des-vorschultraktes\/\">Continue reading<\/a><\/p>\n","protected":false},"author":1,"featured_media":0,"parent":0,"menu_order":0,"comment_status":"closed","ping_status":"closed","template":"","meta":{"_crdt_document":"","footnotes":""},"class_list":["post-479","page","type-page","status-publish","hentry","nodate","item-wrap"],"translation":{"provider":"WPGlobus","version":"3.0.2","language":"en","enabled_languages":["de","en"],"languages":{"de":{"title":true,"content":true,"excerpt":false},"en":{"title":false,"content":false,"excerpt":false}}},"_links":{"self":[{"href":"https:\/\/gambian-bridge.org\/en\/wp-json\/wp\/v2\/pages\/479","targetHints":{"allow":["GET"]}}],"collection":[{"href":"https:\/\/gambian-bridge.org\/en\/wp-json\/wp\/v2\/pages"}],"about":[{"href":"https:\/\/gambian-bridge.org\/en\/wp-json\/wp\/v2\/types\/page"}],"author":[{"embeddable":true,"href":"https:\/\/gambian-bridge.org\/en\/wp-json\/wp\/v2\/users\/1"}],"replies":[{"embeddable":true,"href":"https:\/\/gambian-bridge.org\/en\/wp-json\/wp\/v2\/comments?post=479"}],"version-history":[{"count":8,"href":"https:\/\/gambian-bridge.org\/en\/wp-json\/wp\/v2\/pages\/479\/revisions"}],"predecessor-version":[{"id":932,"href":"https:\/\/gambian-bridge.org\/en\/wp-json\/wp\/v2\/pages\/479\/revisions\/932"}],"wp:attachment":[{"href":"https:\/\/gambian-bridge.org\/en\/wp-json\/wp\/v2\/media?parent=479"}],"curies":[{"name":"wp","href":"https:\/\/api.w.org\/{rel}","templated":true}]}}