{"id":309,"date":"2021-03-17T19:53:05","date_gmt":"2021-03-17T18:53:05","guid":{"rendered":"https:\/\/gambian-bridge.org\/?page_id=309"},"modified":"2024-06-09T18:19:28","modified_gmt":"2024-06-09T16:19:28","slug":"vorstand","status":"publish","type":"page","link":"https:\/\/gambian-bridge.org\/en\/unser-verein\/vorstand\/","title":{"rendered":"Vorstand"},"content":{"rendered":"\n<div class=\"wp-block-group\"><div class=\"wp-block-group__inner-container is-layout-flow wp-block-group-is-layout-flow\">\n<div class=\"wp-block-columns is-layout-flex wp-container-core-columns-is-layout-8f761849 wp-block-columns-is-layout-flex\">\n<div class=\"wp-block-column is-layout-flow wp-block-column-is-layout-flow\" style=\"flex-basis:100%\">\n<div class=\"wp-block-columns is-layout-flex wp-container-core-columns-is-layout-8f761849 wp-block-columns-is-layout-flex\">\n<div class=\"wp-block-column is-layout-flow wp-block-column-is-layout-flow\" style=\"flex-basis:100%\">\n<div class=\"wp-block-columns is-layout-flex wp-container-core-columns-is-layout-8f761849 wp-block-columns-is-layout-flex\">\n<div class=\"wp-block-column is-vertically-aligned-center is-layout-flow wp-block-column-is-layout-flow\" style=\"flex-basis:100%\">\n<div class=\"wp-block-columns is-layout-flex wp-container-core-columns-is-layout-8f761849 wp-block-columns-is-layout-flex\">\n<div class=\"wp-block-column is-layout-flow wp-block-column-is-layout-flow\" style=\"flex-basis:100%\">\n<p class=\"wp-block-paragraph\">Unser Vorstand besteht aus drei MitgliederInnen, die aller zwei Jahre auf unserer Mitgliederversammlung gew\u00e4hlt werden. An der Spitze steht unsere Pr\u00e4sidentin.<\/p>\n<\/div>\n<\/div>\n\n\n\n<figure class=\"wp-block-gallery has-nested-images columns-default is-cropped wp-block-gallery-1 is-layout-flex wp-block-gallery-is-layout-flex\">\n<figure class=\"wp-block-image size-large\"><img loading=\"lazy\" decoding=\"async\" width=\"878\" height=\"1024\" data-id=\"707\" src=\"https:\/\/gambian-bridge.org\/wp-content\/uploads\/2021\/04\/Steffi-Bartel-878x1024.jpg\" alt=\"\" class=\"wp-image-707\" srcset=\"https:\/\/gambian-bridge.org\/wp-content\/uploads\/2021\/04\/Steffi-Bartel-878x1024.jpg 878w, https:\/\/gambian-bridge.org\/wp-content\/uploads\/2021\/04\/Steffi-Bartel-257x300.jpg 257w, https:\/\/gambian-bridge.org\/wp-content\/uploads\/2021\/04\/Steffi-Bartel-768x896.jpg 768w, https:\/\/gambian-bridge.org\/wp-content\/uploads\/2021\/04\/Steffi-Bartel-750x875.jpg 750w, https:\/\/gambian-bridge.org\/wp-content\/uploads\/2021\/04\/Steffi-Bartel.jpg 1200w\" sizes=\"auto, (max-width: 878px) 100vw, 878px\" \/><figcaption class=\"wp-element-caption\">Steffi Bartel<br>Pr\u00e4sidentin<\/figcaption><\/figure>\n\n\n\n<figure class=\"wp-block-image size-large\"><img loading=\"lazy\" decoding=\"async\" width=\"878\" height=\"1024\" data-id=\"676\" src=\"https:\/\/gambian-bridge.org\/wp-content\/uploads\/2021\/04\/Lutz-Faulhaber-878x1024.jpg\" alt=\"\" class=\"wp-image-676\" srcset=\"https:\/\/gambian-bridge.org\/wp-content\/uploads\/2021\/04\/Lutz-Faulhaber-878x1024.jpg 878w, https:\/\/gambian-bridge.org\/wp-content\/uploads\/2021\/04\/Lutz-Faulhaber-257x300.jpg 257w, https:\/\/gambian-bridge.org\/wp-content\/uploads\/2021\/04\/Lutz-Faulhaber-768x896.jpg 768w, https:\/\/gambian-bridge.org\/wp-content\/uploads\/2021\/04\/Lutz-Faulhaber-750x875.jpg 750w, https:\/\/gambian-bridge.org\/wp-content\/uploads\/2021\/04\/Lutz-Faulhaber.jpg 1200w\" sizes=\"auto, (max-width: 878px) 100vw, 878px\" \/><figcaption class=\"wp-element-caption\">Lutz Faulhaber<br>Vizepr\u00e4sident<\/figcaption><\/figure>\n\n\n\n<figure class=\"wp-block-image size-large\"><img loading=\"lazy\" decoding=\"async\" width=\"878\" height=\"1024\" data-id=\"548\" src=\"https:\/\/gambian-bridge.org\/wp-content\/uploads\/2021\/04\/Holger-Seyfarth_1-878x1024.jpg\" alt=\"\" class=\"wp-image-548\" srcset=\"https:\/\/gambian-bridge.org\/wp-content\/uploads\/2021\/04\/Holger-Seyfarth_1-878x1024.jpg 878w, https:\/\/gambian-bridge.org\/wp-content\/uploads\/2021\/04\/Holger-Seyfarth_1-257x300.jpg 257w, https:\/\/gambian-bridge.org\/wp-content\/uploads\/2021\/04\/Holger-Seyfarth_1-768x896.jpg 768w, https:\/\/gambian-bridge.org\/wp-content\/uploads\/2021\/04\/Holger-Seyfarth_1-750x875.jpg 750w, https:\/\/gambian-bridge.org\/wp-content\/uploads\/2021\/04\/Holger-Seyfarth_1.jpg 1200w\" sizes=\"auto, (max-width: 878px) 100vw, 878px\" \/><figcaption class=\"wp-element-caption\">Holger Seyfarth<br>Kassenwart<\/figcaption><\/figure>\n<\/figure>\n<\/div>\n<\/div>\n<\/div>\n<\/div>\n\n\n\n<p class=\"wp-block-paragraph\">Die Arbeit vor Ort wird von zwei Mitarbeitern aus The Gambia wahrgenommen. Ohne deren Arbeit w\u00e4ren viele Aufgaben f\u00fcr uns nicht oder nur sehr schwer l\u00f6sbar. <\/p>\n<\/div>\n<\/div>\n<\/div><\/div>\n\n\n\n<div class=\"wp-block-columns is-layout-flex wp-container-core-columns-is-layout-8f761849 wp-block-columns-is-layout-flex\">\n<div class=\"wp-block-column is-layout-flow wp-block-column-is-layout-flow\">\n<figure class=\"wp-block-image size-large\"><img loading=\"lazy\" decoding=\"async\" width=\"878\" height=\"1024\" src=\"https:\/\/gambian-bridge.org\/wp-content\/uploads\/2021\/04\/Babacarr-Ndow-878x1024.jpg\" alt=\"\" class=\"wp-image-706\" srcset=\"https:\/\/gambian-bridge.org\/wp-content\/uploads\/2021\/04\/Babacarr-Ndow-878x1024.jpg 878w, https:\/\/gambian-bridge.org\/wp-content\/uploads\/2021\/04\/Babacarr-Ndow-257x300.jpg 257w, https:\/\/gambian-bridge.org\/wp-content\/uploads\/2021\/04\/Babacarr-Ndow-768x896.jpg 768w, https:\/\/gambian-bridge.org\/wp-content\/uploads\/2021\/04\/Babacarr-Ndow-750x875.jpg 750w, https:\/\/gambian-bridge.org\/wp-content\/uploads\/2021\/04\/Babacarr-Ndow.jpg 1200w\" sizes=\"auto, (max-width: 878px) 100vw, 878px\" \/><figcaption class=\"wp-element-caption\">Babacarr Ndow<\/figcaption><\/figure>\n<\/div>\n\n\n\n<div class=\"wp-block-column is-layout-flow wp-block-column-is-layout-flow\">\n<figure class=\"wp-block-image size-large\"><img loading=\"lazy\" decoding=\"async\" width=\"878\" height=\"1024\" src=\"https:\/\/gambian-bridge.org\/wp-content\/uploads\/2021\/04\/Sheikh-Joof-878x1024.jpg\" alt=\"\" class=\"wp-image-549\" srcset=\"https:\/\/gambian-bridge.org\/wp-content\/uploads\/2021\/04\/Sheikh-Joof-878x1024.jpg 878w, https:\/\/gambian-bridge.org\/wp-content\/uploads\/2021\/04\/Sheikh-Joof-257x300.jpg 257w, https:\/\/gambian-bridge.org\/wp-content\/uploads\/2021\/04\/Sheikh-Joof-768x896.jpg 768w, https:\/\/gambian-bridge.org\/wp-content\/uploads\/2021\/04\/Sheikh-Joof-750x875.jpg 750w, https:\/\/gambian-bridge.org\/wp-content\/uploads\/2021\/04\/Sheikh-Joof.jpg 1200w\" sizes=\"auto, (max-width: 878px) 100vw, 878px\" \/><figcaption class=\"wp-element-caption\">Sheikh Joof<\/figcaption><\/figure>\n<\/div>\n\n\n\n<div class=\"wp-block-column is-layout-flow wp-block-column-is-layout-flow\">\n<figure class=\"wp-block-image size-large\"><img loading=\"lazy\" decoding=\"async\" width=\"878\" height=\"1024\" src=\"https:\/\/gambian-bridge.org\/wp-content\/uploads\/2021\/07\/empty_portrait-1-878x1024.jpg\" alt=\"\" class=\"wp-image-784\" srcset=\"https:\/\/gambian-bridge.org\/wp-content\/uploads\/2021\/07\/empty_portrait-1-878x1024.jpg 878w, https:\/\/gambian-bridge.org\/wp-content\/uploads\/2021\/07\/empty_portrait-1-257x300.jpg 257w, https:\/\/gambian-bridge.org\/wp-content\/uploads\/2021\/07\/empty_portrait-1-768x896.jpg 768w, https:\/\/gambian-bridge.org\/wp-content\/uploads\/2021\/07\/empty_portrait-1-750x875.jpg 750w, https:\/\/gambian-bridge.org\/wp-content\/uploads\/2021\/07\/empty_portrait-1.jpg 1200w\" sizes=\"auto, (max-width: 878px) 100vw, 878px\" \/><\/figure>\n<\/div>\n<\/div>\n\n\n\n<p class=\"wp-block-paragraph\"><\/p>\n","protected":false},"excerpt":{"rendered":"<p>Unser Vorstand besteht aus drei MitgliederInnen, die aller zwei Jahre auf unserer Mitgliederversammlung gew\u00e4hlt werden. An der Spitze steht unsere Pr\u00e4sidentin. Die Arbeit vor Ort wird von zwei Mitarbeitern aus The Gambia wahrgenommen. Ohne deren Arbeit w\u00e4ren viele Aufgaben f\u00fcr uns nicht oder nur sehr schwer l\u00f6sbar.<\/p>\n","protected":false},"author":1,"featured_media":0,"parent":311,"menu_order":1,"comment_status":"closed","ping_status":"closed","template":"","meta":{"_crdt_document":"","footnotes":""},"class_list":["post-309","page","type-page","status-publish","hentry","nodate","item-wrap"],"translation":{"provider":"WPGlobus","version":"3.0.2","language":"en","enabled_languages":["de","en"],"languages":{"de":{"title":true,"content":true,"excerpt":false},"en":{"title":false,"content":false,"excerpt":false}}},"_links":{"self":[{"href":"https:\/\/gambian-bridge.org\/en\/wp-json\/wp\/v2\/pages\/309","targetHints":{"allow":["GET"]}}],"collection":[{"href":"https:\/\/gambian-bridge.org\/en\/wp-json\/wp\/v2\/pages"}],"about":[{"href":"https:\/\/gambian-bridge.org\/en\/wp-json\/wp\/v2\/types\/page"}],"author":[{"embeddable":true,"href":"https:\/\/gambian-bridge.org\/en\/wp-json\/wp\/v2\/users\/1"}],"replies":[{"embeddable":true,"href":"https:\/\/gambian-bridge.org\/en\/wp-json\/wp\/v2\/comments?post=309"}],"version-history":[{"count":20,"href":"https:\/\/gambian-bridge.org\/en\/wp-json\/wp\/v2\/pages\/309\/revisions"}],"predecessor-version":[{"id":1479,"href":"https:\/\/gambian-bridge.org\/en\/wp-json\/wp\/v2\/pages\/309\/revisions\/1479"}],"up":[{"embeddable":true,"href":"https:\/\/gambian-bridge.org\/en\/wp-json\/wp\/v2\/pages\/311"}],"wp:attachment":[{"href":"https:\/\/gambian-bridge.org\/en\/wp-json\/wp\/v2\/media?parent=309"}],"curies":[{"name":"wp","href":"https:\/\/api.w.org\/{rel}","templated":true}]}}