{"id":291,"date":"2021-03-16T21:43:27","date_gmt":"2021-03-16T20:43:27","guid":{"rendered":"https:\/\/gambian-bridge.org\/?page_id=291"},"modified":"2024-11-08T19:42:03","modified_gmt":"2024-11-08T18:42:03","slug":"bibliothek","status":"publish","type":"page","link":"https:\/\/gambian-bridge.org\/en\/bibliothek\/","title":{"rendered":"Library"},"content":{"rendered":"\n<p class=\"wp-block-paragraph\">Das Projekt, in der Rhema Abam School eine Bibliothek zu betreiben, entstand 2019 bei einem Besuch der Schule. Die Library bestand aus einem einfachen an der Wand h\u00e4ngenden Holzregal, in dem Reisebeschreibungen in holl\u00e4ndischer Sprache, ausgediente Schulunterlagen, St\u00f6\u00dfe von Papieren und ausgediente Maluntensilien zu finden waren. Der Raum wurde bevorzugt f\u00fcr den Computerunterricht genutzt. F\u00fcr den Inhalt des Regales hatte sich lange keiner mehr interessiert.<\/p>\n\n\n\n<p class=\"wp-block-paragraph\">Im Gespr\u00e4ch mit dem Computerlehrer Simon Mendy und seinen KollegenInnen entstand schnell die Idee, diesen Raum auch wieder als Bibliothek zu nutzen. Mit ausreichend B\u00fcchern, Regalen und Sitzm\u00f6glichkeiten f\u00fcr die Lesenden. Und ein Beamer sollte angeschafft werden, um den Computerunterricht effektiver zu gestalten.<\/p>\n\n\n\n<p class=\"wp-block-paragraph\">Nach der R\u00fcckkehr aus Gambia wurde in Berlin eine Sammelaktion f\u00fcr die Bibliothek gestartet. Die Spenden kamen aus privaten Haushalten, Antiquariaten, Schulen und Bibliotheken. Gesammelt wurden ausschlie\u00dflich B\u00fccher in englischer Sprache, in einem guten gebrauchsf\u00e4higen Zustand. Der Inhalt sollte Vorschulkinder und Grundschulkinder bis zum Alter von 14 Jahren ansprechen.<\/p>\n\n\n\n<p class=\"wp-block-paragraph\">Nach Abschluss der Sammelaktion waren fast 750 B\u00fccher zusammengekommen. Die Bandbreite umfasst Sachb\u00fccher, Geschichten, M\u00e4rchen, Romane, Erz\u00e4hlungen, Kinder- und Jugendb\u00fccher, Bilderb\u00fccher und Atlanten. Von den Spenden die f\u00fcr den Aufbau der Bibliothek gesammelt wurden, konnten Regale, Einschlagmaterial, ein Labelprinter und B\u00fcromaterial f\u00fcr den Betrieb gekauft werden. F\u00fcr den Transport wurden B\u00fccher und Material in stabile Kartons verpackt. Diese Kisten und die Regale wurden mit einem \u00dcberseecontainer nach Gambia gebracht. Die Verschickung von Sachspenden per Container wird jedes Jahr vom Verein <a rel=\"noreferrer noopener\" href=\"http:\/\/berufsbildung-gambia.com\/\" target=\"_blank\">Berufsbildung Gambia e.V.<\/a> organisiert. F\u00fcr den Transport der Bibliothek haben wir uns dort eingemietet.<\/p>\n\n\n\n<p class=\"wp-block-paragraph\">Der Transport ging Anfang des Jahres 2020 nach Gambia. Wegen der Einschr\u00e4nkungen w\u00e4hrend der Corona-Pandemie konnte die Bibliothek erst ein Jahr sp\u00e4ter eingerichtet werden. Der Raum wurde renoviert und die Regale wurden aufgestellt. Zur Einrichtung der Bibliothek geh\u00f6ren Tische, auf denen B\u00fccher pr\u00e4sentiert werden k\u00f6nnen, und Sitzm\u00f6glichkeiten f\u00fcr die Lesenden. Die Kinder der Schule k\u00f6nnen B\u00fccher ausleihen und vor Ort lesen. Der B\u00fccherbestand wird begleitend f\u00fcr den Unterricht eingesetzt.<\/p>\n\n\n\n<p class=\"wp-block-paragraph\">Nach einer zweiten Sammelaktion konnten zum B\u00fccherbestand zus\u00e4tzlich sechs Kisten mit Gesellschaftsspielen und Spielzeugen an die Schule geschickt werden. Und im M\u00e4rz 2021 war es endlich soweit. Die Bibliothek konnte <a href=\"https:\/\/gambian-bridge.org\/vertragsabschluss\/\" data-type=\"post\" data-id=\"736\">er\u00f6ffnet <\/a>werden.<\/p>\n\n\n\n<p class=\"wp-block-paragraph\">Ma\u00dfgeblich B\u00fccherspenden stammen vom<\/p>\n\n\n\n<ul class=\"wp-block-list\">\n<li><a href=\"https:\/\/buechertisch.org\/\" data-type=\"URL\" data-id=\"https:\/\/buechertisch.org\/\" target=\"_blank\" rel=\"noreferrer noopener\">Berliner B\u00fcchertisch<\/a>, Richardstr. 83, Berlin<\/li>\n\n\n\n<li>Frau Petra Dimakopoulus von der <a href=\"https:\/\/www.zlb.de\/\" target=\"_blank\" rel=\"noreferrer noopener\">Zentral und Landesbibliothek<\/a>, Bl\u00fccherplatz1, Berlin<\/li>\n\n\n\n<li><a href=\"https:\/\/berlinbritishschool.de\/de\/\" target=\"_blank\" rel=\"noreferrer noopener\">Berlin British School<\/a>, Dickensweg 17-19, Berlin<\/li>\n<\/ul>\n","protected":false},"excerpt":{"rendered":"<p>Das Projekt, in der Rhema Abam School eine Bibliothek zu betreiben, entstand 2019 bei einem Besuch der Schule. Die Library bestand aus einem einfachen an der Wand h\u00e4ngenden Holzregal, in dem Reisebeschreibungen in holl\u00e4ndischer Sprache, ausgediente Schulunterlagen, St\u00f6\u00dfe von Papieren und ausgediente Maluntensilien zu finden waren. Der Raum wurde bevorzugt f\u00fcr den Computerunterricht genutzt. F\u00fcr &hellip; <\/p>\n<p><a class=\"more-link btn\" href=\"https:\/\/gambian-bridge.org\/en\/bibliothek\/\">Continue reading<\/a><\/p>\n","protected":false},"author":1,"featured_media":0,"parent":0,"menu_order":0,"comment_status":"closed","ping_status":"closed","template":"","meta":{"_crdt_document":"","footnotes":""},"class_list":["post-291","page","type-page","status-publish","hentry","nodate","item-wrap"],"translation":{"provider":"WPGlobus","version":"3.0.2","language":"en","enabled_languages":["de","en"],"languages":{"de":{"title":true,"content":true,"excerpt":false},"en":{"title":true,"content":true,"excerpt":false}}},"_links":{"self":[{"href":"https:\/\/gambian-bridge.org\/en\/wp-json\/wp\/v2\/pages\/291","targetHints":{"allow":["GET"]}}],"collection":[{"href":"https:\/\/gambian-bridge.org\/en\/wp-json\/wp\/v2\/pages"}],"about":[{"href":"https:\/\/gambian-bridge.org\/en\/wp-json\/wp\/v2\/types\/page"}],"author":[{"embeddable":true,"href":"https:\/\/gambian-bridge.org\/en\/wp-json\/wp\/v2\/users\/1"}],"replies":[{"embeddable":true,"href":"https:\/\/gambian-bridge.org\/en\/wp-json\/wp\/v2\/comments?post=291"}],"version-history":[{"count":9,"href":"https:\/\/gambian-bridge.org\/en\/wp-json\/wp\/v2\/pages\/291\/revisions"}],"predecessor-version":[{"id":1715,"href":"https:\/\/gambian-bridge.org\/en\/wp-json\/wp\/v2\/pages\/291\/revisions\/1715"}],"wp:attachment":[{"href":"https:\/\/gambian-bridge.org\/en\/wp-json\/wp\/v2\/media?parent=291"}],"curies":[{"name":"wp","href":"https:\/\/api.w.org\/{rel}","templated":true}]}}