{"id":272,"date":"2021-03-16T20:53:29","date_gmt":"2021-03-16T19:53:29","guid":{"rendered":"https:\/\/gambian-bridge.org\/?page_id=272"},"modified":"2024-11-08T19:45:35","modified_gmt":"2024-11-08T18:45:35","slug":"gambian-bridge-e-v","status":"publish","type":"page","link":"https:\/\/gambian-bridge.org\/en\/gambian-bridge-e-v\/","title":{"rendered":"Br\u00fccken nach Gambia"},"content":{"rendered":"\n<p class=\"wp-block-paragraph\">Seit 2012 unterst\u00fctzen wir Familien mit Schulkindern und ein Schulprojekt in Gambia. Mit unserer Hilfe erhielt die Rhema Abam School in der Metropole Serekunda einen Strom- und Wasseranschluss und konnte umfangreich saniert und modernisiert werden. Au\u00dferdem haben wir in Deutschland zahlreiche Paten gewinnen k\u00f6nnen, die die schulische Ausbildung von Kindern finanziell absichern. Viele von Ihnen besuchen die Rhema-Abam-School.<\/p>\n\n\n\n<p class=\"wp-block-paragraph\">Im Juni 2020 haben wir unseren Verein als Gambian Bridge e.V. auf dem <a href=\"https:\/\/www.uferloos.de\" target=\"_blank\" rel=\"noreferrer noopener\" data-type=\"URL\" data-id=\"https:\/\/www.uferloos.de\">Hof Uferloos in Kienitz<\/a> gegr\u00fcndet und mit Mitgliederbeschluss vom April 2021 in <strong>Bridge Gambia e.V.<\/strong> umbenannt. Ziel des Vereins ist die F\u00f6rderung und Entwicklung von Bildung und Hilfe zur Selbsthilfe f\u00fcr Menschen in Westafrika. Daf\u00fcr arbeiten wir mit der Rhema Abam School dabei zusammen, dass diese zukunftsf\u00e4hig ist und Kindern und Jugendlichen in Gambia eine gute Ausbildung und damit eine gute Perspektive in ihrem Land erm\u00f6glicht. Wir unterst\u00fctzen sozial schwache Familien bei der praktischen Lebensf\u00fchrung und helfen Familien die medizinische Versorgung ihrer Kinder zu sichern.<\/p>\n\n\n\n<p class=\"wp-block-paragraph\">Wir setzen alle unsere Projekte mit Partnern in Gambia um.<\/p>\n\n\n\n<p class=\"wp-block-paragraph\">Wir freuen uns, wenn das Anliegen unseres Vereins Eurer Interesse geweckt hat. Auch kleine Spenden helfen, in einem der \u00e4rmsten L\u00e4nder Afrikas mit 60 Prozent Analphabeten ein nachhaltiges Schulprojekt am Leben zu erhalten, das keine staatliche Unterst\u00fctzung erf\u00e4hrt.<\/p>\n\n\n\n<h3 class=\"wp-block-heading\">Aktuelles<\/h3>\n\n\n\n<p class=\"wp-block-paragraph\">Wir m\u00f6chten weitere Patinnen und Paten f\u00fcr Kinder und Jugendliche \u00fcber unsere bereits in der F\u00f6rderung befindlichen Kinder finden. Es handelt sich um Sch\u00fclerInnen der Rhema Abam School, deren Eltern nicht mehr in der Lage sind das Schulgeld aufzubringen, um einen Jungen dessen Mutter auf dem Handwerkermarkt in Brikama arbeitet und einen jungen Mann, der gern an der <a href=\"https:\/\/www.utg.edu.gm\/\" target=\"_blank\" rel=\"noreferrer noopener\">University Of Gambia<\/a> studieren m\u00f6chten. <br><a href=\"https:\/\/gambian-bridge.org\/patenschaften\/paten-finden-menschen-zusammen-bringen\/\">Hier stehen weitere Informationen<\/a>.<\/p>\n\n\n\n<p class=\"wp-block-paragraph\">Und wir f\u00f6rdern den Wiederaufbau des Schulgartens an der Rhema Abam School mit dem Kauf von Gartenger\u00e4ten. In einen Blogbeitrag haben wir dar\u00fcber berichtet.<\/p>\n\n\n\n<p class=\"wp-block-paragraph\"><\/p>\n","protected":false},"excerpt":{"rendered":"<p>Seit 2012 unterst\u00fctzen wir Familien mit Schulkindern und ein Schulprojekt in Gambia. Mit unserer Hilfe erhielt die Rhema Abam School in der Metropole Serekunda einen Strom- und Wasseranschluss und konnte umfangreich saniert und modernisiert werden. Au\u00dferdem haben wir in Deutschland zahlreiche Paten gewinnen k\u00f6nnen, die die schulische Ausbildung von Kindern finanziell absichern. Viele von Ihnen &hellip; <\/p>\n<p><a class=\"more-link btn\" href=\"https:\/\/gambian-bridge.org\/en\/gambian-bridge-e-v\/\">Continue reading<\/a><\/p>\n","protected":false},"author":1,"featured_media":0,"parent":0,"menu_order":0,"comment_status":"closed","ping_status":"closed","template":"","meta":{"_crdt_document":"","footnotes":""},"class_list":["post-272","page","type-page","status-publish","hentry","nodate","item-wrap"],"translation":{"provider":"WPGlobus","version":"3.0.2","language":"en","enabled_languages":["de","en"],"languages":{"de":{"title":true,"content":true,"excerpt":false},"en":{"title":false,"content":false,"excerpt":false}}},"_links":{"self":[{"href":"https:\/\/gambian-bridge.org\/en\/wp-json\/wp\/v2\/pages\/272","targetHints":{"allow":["GET"]}}],"collection":[{"href":"https:\/\/gambian-bridge.org\/en\/wp-json\/wp\/v2\/pages"}],"about":[{"href":"https:\/\/gambian-bridge.org\/en\/wp-json\/wp\/v2\/types\/page"}],"author":[{"embeddable":true,"href":"https:\/\/gambian-bridge.org\/en\/wp-json\/wp\/v2\/users\/1"}],"replies":[{"embeddable":true,"href":"https:\/\/gambian-bridge.org\/en\/wp-json\/wp\/v2\/comments?post=272"}],"version-history":[{"count":22,"href":"https:\/\/gambian-bridge.org\/en\/wp-json\/wp\/v2\/pages\/272\/revisions"}],"predecessor-version":[{"id":1717,"href":"https:\/\/gambian-bridge.org\/en\/wp-json\/wp\/v2\/pages\/272\/revisions\/1717"}],"wp:attachment":[{"href":"https:\/\/gambian-bridge.org\/en\/wp-json\/wp\/v2\/media?parent=272"}],"curies":[{"name":"wp","href":"https:\/\/api.w.org\/{rel}","templated":true}]}}