{"id":2003,"date":"2025-02-18T20:13:34","date_gmt":"2025-02-18T19:13:34","guid":{"rendered":"https:\/\/gambian-bridge.org\/?page_id=2003"},"modified":"2025-02-18T20:13:34","modified_gmt":"2025-02-18T19:13:34","slug":"senegalesische-zwillinge","status":"publish","type":"page","link":"https:\/\/gambian-bridge.org\/en\/senegalesische-zwillinge\/","title":{"rendered":"Senegalesische Zwillinge"},"content":{"rendered":"\n<p class=\"wp-block-paragraph\">Sie sind keine Zwillinge im eigentlichen Sinne, die Br\u00fcder Dieguane und Mamadou. Ihre Schicksale lassen sie als solche erscheinen, weil sie sich auf fatale Weise gleichen. Beide Kinder leben in dem Dorf Sing Boyar im Senegal. Dieguane ist neun, Mamadou f\u00fcnf Jahre alt. Beide leiden seit ihrer Geburt an einer Knochenerkrankung, die sich in unzureichendem Wachstum und einer der Glasknochenkrankheit \u00e4hnlichen Anf\u00e4lligkeit f\u00fcr Knochenbr\u00fcche \u00e4u\u00dfert. Beide Kinder leben mit ihrer Mutter in einem Compound zusammen mit anderen Familien und deren Kindern. Diese Gemeinschaft ist sehr wichtig f\u00fcr die beiden.<\/p>\n\n\n\n<div class=\"wp-block-columns is-layout-flex wp-container-core-columns-is-layout-8f761849 wp-block-columns-is-layout-flex\">\n<div class=\"wp-block-column is-layout-flow wp-block-column-is-layout-flow\" style=\"flex-basis:66.66%\">\n<figure class=\"wp-block-image size-large\"><img loading=\"lazy\" decoding=\"async\" width=\"1024\" height=\"768\" src=\"https:\/\/gambian-bridge.org\/wp-content\/uploads\/2025\/02\/Dieguane-und-Mamadou_20241213-1024x768.jpg\" alt=\"\" class=\"wp-image-2004\" srcset=\"https:\/\/gambian-bridge.org\/wp-content\/uploads\/2025\/02\/Dieguane-und-Mamadou_20241213-1024x768.jpg 1024w, https:\/\/gambian-bridge.org\/wp-content\/uploads\/2025\/02\/Dieguane-und-Mamadou_20241213-300x225.jpg 300w, https:\/\/gambian-bridge.org\/wp-content\/uploads\/2025\/02\/Dieguane-und-Mamadou_20241213-768x576.jpg 768w, https:\/\/gambian-bridge.org\/wp-content\/uploads\/2025\/02\/Dieguane-und-Mamadou_20241213-1536x1152.jpg 1536w, https:\/\/gambian-bridge.org\/wp-content\/uploads\/2025\/02\/Dieguane-und-Mamadou_20241213-750x563.jpg 750w, https:\/\/gambian-bridge.org\/wp-content\/uploads\/2025\/02\/Dieguane-und-Mamadou_20241213.jpg 1600w\" sizes=\"auto, (max-width: 1024px) 100vw, 1024px\" \/><\/figure>\n<\/div>\n\n\n\n<div class=\"wp-block-column is-layout-flow wp-block-column-is-layout-flow\" style=\"flex-basis:33.33%\">\n<p class=\"wp-block-paragraph\">Dieguane ist jetzt knapp einen Meter gro\u00df und kann mit Hilfe seines Stockes laufen. Er spielt mit den anderen Kindern Fu\u00dfball. Da er ohne Hilfe nicht laufen kann, krabbelt er auf dem Boden und treibt den Ball mit seinen F\u00e4usten. Mamadou hat eine ganz eigene Technik entwickelt, um voranzukommen. Er sitzt auf dem Boden, schwingt seine Beine und st\u00f6\u00dft sich mit den H\u00e4nden ab. Sein ganzer K\u00f6rper ist in Aktion, wenn er sich schl\u00e4ngelnd vorw\u00e4rtsbewegt.<\/p>\n<\/div>\n<\/div>\n\n\n\n<p class=\"wp-block-paragraph\">Dieguane soll n\u00e4chstes Jahr eingeschult werden. Seine Mutter m\u00f6chte aber nicht, dass er die Schule besucht. Sie bef\u00fcrchtet, dass ihr Sohn mit seinen empfindlichen Knochen von anderen Kindern verletzt werden k\u00f6nnte. Die Kinder des Compounds, in dem die Familie lebt, sind es gewohnt, r\u00fccksichtsvoll mit Dieguane umzugehen. Wie die Kinder in der Schule reagieren, wei\u00df die Mutter nicht und ist entsprechend vorsichtig.<\/p>\n\n\n\n<div class=\"wp-block-columns is-layout-flex wp-container-core-columns-is-layout-8f761849 wp-block-columns-is-layout-flex\">\n<div class=\"wp-block-column is-layout-flow wp-block-column-is-layout-flow\">\n<p class=\"wp-block-paragraph\">Alternativ k\u00f6nnte Dieguane zu Hause unterrichtet werden. Das h\u00e4tte den Vorteil, dass auch Mamadou am Unterricht teilhaben kann. Die Lehrerin der Schule hat sich bereit erkl\u00e4rt, die beiden f\u00fcr eine Stunde am Tag in Lesen, Schreiben und Mathematik zu unterrichten.<\/p>\n\n\n\n<p class=\"wp-block-paragraph\">Und ein weiterer Schritt f\u00fcr die Entwicklung der Kinder ist geplant. Beide sollen f\u00fcr eine gr\u00fcndliche Untersuchung zur \u201eAfrica Mercy\u201c gebracht werden. Die \u201eAfrica Mercy\u201c ist ein Hospitalschiff der christlichen Hilfsorganisation Mercy Ships. Es dient der kostenlosen medizinischen Behandlung von Menschen. <\/p>\n<\/div>\n\n\n\n<div class=\"wp-block-column is-layout-flow wp-block-column-is-layout-flow\">\n<figure class=\"wp-block-image size-large\"><img loading=\"lazy\" decoding=\"async\" width=\"1024\" height=\"768\" src=\"https:\/\/gambian-bridge.org\/wp-content\/uploads\/2025\/02\/Dieguane_20241213-6-1024x768.jpeg\" alt=\"\" class=\"wp-image-2005\" srcset=\"https:\/\/gambian-bridge.org\/wp-content\/uploads\/2025\/02\/Dieguane_20241213-6-1024x768.jpeg 1024w, https:\/\/gambian-bridge.org\/wp-content\/uploads\/2025\/02\/Dieguane_20241213-6-300x225.jpeg 300w, https:\/\/gambian-bridge.org\/wp-content\/uploads\/2025\/02\/Dieguane_20241213-6-768x576.jpeg 768w, https:\/\/gambian-bridge.org\/wp-content\/uploads\/2025\/02\/Dieguane_20241213-6-1536x1152.jpeg 1536w, https:\/\/gambian-bridge.org\/wp-content\/uploads\/2025\/02\/Dieguane_20241213-6-750x563.jpeg 750w, https:\/\/gambian-bridge.org\/wp-content\/uploads\/2025\/02\/Dieguane_20241213-6.jpeg 1600w\" sizes=\"auto, (max-width: 1024px) 100vw, 1024px\" \/><\/figure>\n<\/div>\n<\/div>\n\n\n\n<div class=\"wp-block-columns is-layout-flex wp-container-core-columns-is-layout-8f761849 wp-block-columns-is-layout-flex\">\n<div class=\"wp-block-column is-layout-flow wp-block-column-is-layout-flow\" style=\"flex-basis:33.33%\">\n<figure class=\"wp-block-image size-large\"><img loading=\"lazy\" decoding=\"async\" width=\"613\" height=\"1024\" src=\"https:\/\/gambian-bridge.org\/wp-content\/uploads\/2025\/02\/Mamadou_20241213-2-613x1024.jpg\" alt=\"\" class=\"wp-image-2006\" srcset=\"https:\/\/gambian-bridge.org\/wp-content\/uploads\/2025\/02\/Mamadou_20241213-2-613x1024.jpg 613w, https:\/\/gambian-bridge.org\/wp-content\/uploads\/2025\/02\/Mamadou_20241213-2-180x300.jpg 180w, https:\/\/gambian-bridge.org\/wp-content\/uploads\/2025\/02\/Mamadou_20241213-2-768x1282.jpg 768w, https:\/\/gambian-bridge.org\/wp-content\/uploads\/2025\/02\/Mamadou_20241213-2-920x1536.jpg 920w, https:\/\/gambian-bridge.org\/wp-content\/uploads\/2025\/02\/Mamadou_20241213-2-750x1252.jpg 750w, https:\/\/gambian-bridge.org\/wp-content\/uploads\/2025\/02\/Mamadou_20241213-2.jpg 1080w\" sizes=\"auto, (max-width: 613px) 100vw, 613px\" \/><\/figure>\n<\/div>\n\n\n\n<div class=\"wp-block-column is-layout-flow wp-block-column-is-layout-flow\" style=\"flex-basis:66.66%\">\n<p class=\"wp-block-paragraph\">Dort soll gekl\u00e4rt werden, wie den Br\u00fcdern medizinisch geholfen werden kann. Und es soll eine Antwort auf die Frage gefunden werden, ob ein operativer Eingriff sinnvoll ist. Ob es dazu kommt ist ungewiss, da das Schiff zurzeit im S\u00fcden Afrikas unterwegs ist.<\/p>\n\n\n\n<p class=\"wp-block-paragraph\">F\u00fcr beide Kinder er\u00f6ffnen sich mit diesen Vorhaben neue M\u00f6glichkeiten f\u00fcr eine Entwicklung zu Menschen, die trotz ihrer vielfachen Behinderungen ein selbstbestimmtes Leben f\u00fchren k\u00f6nnen. Mit eigenen Interessen, Pl\u00e4nen und Zielen. Sie werden Umwege in Kauf nehmen m\u00fcssen und andere M\u00f6glichkeiten finden m\u00fcssen, um ihre Ziele zu erreichen. Wir m\u00f6chten sie auf diesem Weg unterst\u00fctzen, denn Unterst\u00fctzung werden sie, wie wir alle, brauchen. <\/p>\n\n\n\n<p class=\"wp-block-paragraph\">Mit 270,00 Euro pro Jahr k\u00f6nnte \u00a0die Einschulung von Dieguane finanziert werden.<\/p>\n<\/div>\n<\/div>\n","protected":false},"excerpt":{"rendered":"<p>Sie sind keine Zwillinge im eigentlichen Sinne, die Br\u00fcder Dieguane und Mamadou. Ihre Schicksale lassen sie als solche erscheinen, weil sie sich auf fatale Weise gleichen. Beide Kinder leben in dem Dorf Sing Boyar im Senegal. Dieguane ist neun, Mamadou f\u00fcnf Jahre alt. Beide leiden seit ihrer Geburt an einer Knochenerkrankung, die sich in unzureichendem &hellip; <\/p>\n<p><a class=\"more-link btn\" href=\"https:\/\/gambian-bridge.org\/en\/senegalesische-zwillinge\/\">Continue reading<\/a><\/p>\n","protected":false},"author":1,"featured_media":0,"parent":0,"menu_order":0,"comment_status":"closed","ping_status":"closed","template":"","meta":{"_crdt_document":"","footnotes":""},"class_list":["post-2003","page","type-page","status-publish","hentry","nodate","item-wrap"],"translation":{"provider":"WPGlobus","version":"3.0.2","language":"en","enabled_languages":["de","en"],"languages":{"de":{"title":true,"content":true,"excerpt":false},"en":{"title":false,"content":false,"excerpt":false}}},"_links":{"self":[{"href":"https:\/\/gambian-bridge.org\/en\/wp-json\/wp\/v2\/pages\/2003","targetHints":{"allow":["GET"]}}],"collection":[{"href":"https:\/\/gambian-bridge.org\/en\/wp-json\/wp\/v2\/pages"}],"about":[{"href":"https:\/\/gambian-bridge.org\/en\/wp-json\/wp\/v2\/types\/page"}],"author":[{"embeddable":true,"href":"https:\/\/gambian-bridge.org\/en\/wp-json\/wp\/v2\/users\/1"}],"replies":[{"embeddable":true,"href":"https:\/\/gambian-bridge.org\/en\/wp-json\/wp\/v2\/comments?post=2003"}],"version-history":[{"count":1,"href":"https:\/\/gambian-bridge.org\/en\/wp-json\/wp\/v2\/pages\/2003\/revisions"}],"predecessor-version":[{"id":2007,"href":"https:\/\/gambian-bridge.org\/en\/wp-json\/wp\/v2\/pages\/2003\/revisions\/2007"}],"wp:attachment":[{"href":"https:\/\/gambian-bridge.org\/en\/wp-json\/wp\/v2\/media?parent=2003"}],"curies":[{"name":"wp","href":"https:\/\/api.w.org\/{rel}","templated":true}]}}