{"id":1997,"date":"2025-02-18T20:13:08","date_gmt":"2025-02-18T19:13:08","guid":{"rendered":"https:\/\/gambian-bridge.org\/?page_id=1997"},"modified":"2025-03-11T18:11:50","modified_gmt":"2025-03-11T17:11:50","slug":"die-republik-senegal","status":"publish","type":"page","link":"https:\/\/gambian-bridge.org\/en\/projekte\/die-republik-senegal\/","title":{"rendered":"Die Republik Senegal"},"content":{"rendered":"\n<p class=\"wp-block-paragraph\">Spricht man \u00fcber Gambia, ist immer auch die Rede vom Senegal. Das ist nicht verwunderlich, denn dieses Land ist der einzige Nachbar Gambias. Historisch entstand diese Nachbarschaft erst 1888, als Gambia eine eigenst\u00e4ndige britische Kolonie wurde. In diesem Zuge wurde die Grenze zwischen der franz\u00f6sischen Kolonie Senegal und Gambia endg\u00fcltig festgelegt \u2013 eine Grenze, die bis heute die beiden Staaten trennt. <\/p>\n\n\n\n<p class=\"wp-block-paragraph\">Senegal gilt als Entwicklungsland, ist jedoch im Vergleich zu seinen Nachbarl\u00e4ndern relativ gut entwickelt. Die wichtigsten Wirtschaftssektoren sind die Landwirtschaft, die Fischerei und das Bauwesen. Dennoch leben viele Menschen in Armut. Ursachen daf\u00fcr sind wiederkehrende Nahrungsmittelkrisen, starkes Bev\u00f6lkerungswachstum und eine hohe Arbeitslosigkeit. Politisch gilt das Land als weitgehend stabil, auch wenn es vor der Wahl im Fr\u00fchjahr 2024 zu einer schweren innenpolitischen Krise kam. Der Senegal wird seit den 1960er Jahren zivil regiert.<\/p>\n\n\n\n<p class=\"wp-block-paragraph\">Die offizielle Amtssprache ist Franz\u00f6sisch. Dennoch werden, wie in vielen anderen afrikanischen L\u00e4ndern, mehrere Sprachen gesprochen. Die sechs wichtigsten sind Wolof, Serer, Diola, Pulaar, Soninke und Mandinka. Obwohl diese Sprachen eng miteinander verwandt sind, k\u00f6nnen sich ihre Sprecher nicht ohne Weiteres in ihrer jeweiligen Muttersprache verst\u00e4ndigen.<\/p>\n\n\n\n<p class=\"wp-block-paragraph\">Die Hauptstadt Senegals ist Dakar. Z\u00e4hlt man Pikine und Gu\u00e9diawaye dazu, leben dort rund 3,2 Millionen Menschen \u2013 fast so viele wie 2023 in Berlin. Dakar ist nat\u00fcrlich die erste Adresse f\u00fcr einen Besuch im Senegal. Besonders sehenswert sind die Nationalparks, darunter der Niokolo-Koba-Nationalpark, das Vogelreservat im Djoudj oder der Nationalpark Basse Casamance, um nur einige zu nennen. Ein besonders lohnendes Reiseziel ist die vielf\u00e4ltige Landschaft der Casamance. Diese Region erstreckt sich entlang des gleichnamigen Flusses im S\u00fcden des Senegals, zwischen Gambia und Guinea-Bissau. Die Casamance unterscheidet sich vor allem durch ihren Wasserreichtum, eine \u00fcppigere Vegetation und eine andere Bev\u00f6lkerungszusammensetzung vom \u00fcbrigen Senegal.<\/p>\n\n\n\n<p class=\"wp-block-paragraph\">Wir sind mit dem Senegal seit einigen Jahre verbunden. Seit drei Jahren f\u00fchren uns Exkursionen zum Perma Food Garden des Vereins <a href=\"https:\/\/sarsarale.org\/\" target=\"_blank\" rel=\"noreferrer noopener\">Sersarale e.V. <\/a>in dieses Land.<\/p>\n","protected":false},"excerpt":{"rendered":"<p>Spricht man \u00fcber Gambia, ist immer auch die Rede vom Senegal. Das ist nicht verwunderlich, denn dieses Land ist der einzige Nachbar Gambias. Historisch entstand diese Nachbarschaft erst 1888, als Gambia eine eigenst\u00e4ndige britische Kolonie wurde. In diesem Zuge wurde die Grenze zwischen der franz\u00f6sischen Kolonie Senegal und Gambia endg\u00fcltig festgelegt \u2013 eine Grenze, die &hellip; <\/p>\n<p><a class=\"more-link btn\" href=\"https:\/\/gambian-bridge.org\/en\/projekte\/die-republik-senegal\/\">Continue reading<\/a><\/p>\n","protected":false},"author":1,"featured_media":0,"parent":281,"menu_order":0,"comment_status":"closed","ping_status":"closed","template":"","meta":{"_crdt_document":"","footnotes":""},"class_list":["post-1997","page","type-page","status-publish","hentry","nodate","item-wrap"],"translation":{"provider":"WPGlobus","version":"3.0.2","language":"en","enabled_languages":["de","en"],"languages":{"de":{"title":true,"content":true,"excerpt":false},"en":{"title":false,"content":false,"excerpt":false}}},"_links":{"self":[{"href":"https:\/\/gambian-bridge.org\/en\/wp-json\/wp\/v2\/pages\/1997","targetHints":{"allow":["GET"]}}],"collection":[{"href":"https:\/\/gambian-bridge.org\/en\/wp-json\/wp\/v2\/pages"}],"about":[{"href":"https:\/\/gambian-bridge.org\/en\/wp-json\/wp\/v2\/types\/page"}],"author":[{"embeddable":true,"href":"https:\/\/gambian-bridge.org\/en\/wp-json\/wp\/v2\/users\/1"}],"replies":[{"embeddable":true,"href":"https:\/\/gambian-bridge.org\/en\/wp-json\/wp\/v2\/comments?post=1997"}],"version-history":[{"count":3,"href":"https:\/\/gambian-bridge.org\/en\/wp-json\/wp\/v2\/pages\/1997\/revisions"}],"predecessor-version":[{"id":2030,"href":"https:\/\/gambian-bridge.org\/en\/wp-json\/wp\/v2\/pages\/1997\/revisions\/2030"}],"up":[{"embeddable":true,"href":"https:\/\/gambian-bridge.org\/en\/wp-json\/wp\/v2\/pages\/281"}],"wp:attachment":[{"href":"https:\/\/gambian-bridge.org\/en\/wp-json\/wp\/v2\/media?parent=1997"}],"curies":[{"name":"wp","href":"https:\/\/api.w.org\/{rel}","templated":true}]}}