{"id":1581,"date":"2024-08-02T23:29:20","date_gmt":"2024-08-02T21:29:20","guid":{"rendered":"https:\/\/gambian-bridge.org\/?page_id=1581"},"modified":"2026-03-11T19:00:48","modified_gmt":"2026-03-11T18:00:48","slug":"unser-verein-in-zahlen","status":"publish","type":"page","link":"https:\/\/gambian-bridge.org\/en\/unser-verein\/unser-verein-in-zahlen\/","title":{"rendered":"Unser Verein in Zahlen"},"content":{"rendered":"\n<p class=\"wp-block-paragraph\">Hier gibt es Informationen zum Nachweis unsere Arbeit, wie wir sie auch gegen\u00fcber dem Finanzamt darstellen. Als Verein sind wir verpflichtet aller drei Jahre eine Steuerkl\u00e4rung vorzulegen und unsere T\u00e4tigkeit in Berichten und unsere Finanzen in einer Einnahmen-\/\u00dcberschussrechnung darzulegen.<\/p>\n\n\n\n<div class=\"wp-block-group\"><div class=\"wp-block-group__inner-container is-layout-constrained wp-block-group-is-layout-constrained\">\n<figure class=\"wp-block-table is-style-regular\"><table class=\"has-fixed-layout\"><tbody><tr><td>2020<\/td><td><\/td><td><a href=\"https:\/\/gambian-bridge.org\/wp-content\/uploads\/2024\/08\/Taetigkeitsbericht-Gambian-Bridge-e_V_2020.pdf\" target=\"_blank\" rel=\"noreferrer noopener\">Jahresbericht<\/a><\/td><\/tr><tr><td>2021<\/td><td><a href=\"https:\/\/gambian-bridge.org\/wp-content\/uploads\/2024\/08\/Einnahmen-Ausgaben-Uebersicht-2021.pdf\" target=\"_blank\" rel=\"noreferrer noopener\">Finanzbericht<\/a><\/td><td><a href=\"https:\/\/gambian-bridge.org\/wp-content\/uploads\/2024\/08\/Taetigkeitsbericht-Bridge-Gambia-e_V_2021.pdf\" target=\"_blank\" rel=\"noreferrer noopener\">Jahresbericht<\/a><\/td><\/tr><tr><td>2022<\/td><td><a href=\"https:\/\/gambian-bridge.org\/wp-content\/uploads\/2024\/08\/Einnahmen-Ausgaben-Uebersicht_20230417.pdf\" target=\"_blank\" rel=\"noreferrer noopener\">Finanzbericht<\/a><\/td><td><a href=\"https:\/\/gambian-bridge.org\/wp-content\/uploads\/2024\/08\/Taetigkeitsbericht-Bridge-Gambia-e_V_2022.pdf\" target=\"_blank\" rel=\"noreferrer noopener\">Jahresbericht<\/a><\/td><\/tr><tr><td>2023<\/td><td><a href=\"https:\/\/gambian-bridge.org\/wp-content\/uploads\/2024\/08\/Einnahmen-Ausgaben-Uebersicht_20240217.pdf\" target=\"_blank\" rel=\"noreferrer noopener\">Finanzbericht<\/a><\/td><td><a href=\"https:\/\/gambian-bridge.org\/wp-content\/uploads\/2024\/08\/Taetigkeitsbericht-Bridge-Gambia-e_V_2023.pdf\" target=\"_blank\" rel=\"noreferrer noopener\">Jahresbericht<\/a><\/td><\/tr><tr><td>2024<\/td><td><a href=\"https:\/\/gambian-bridge.org\/wp-content\/uploads\/2026\/03\/Einnahmen_Ausgaben_2024.pdf\" target=\"_blank\" rel=\"noreferrer noopener\">Finanzbericht<\/a><\/td><td><a href=\"https:\/\/gambian-bridge.org\/wp-content\/uploads\/2026\/03\/Taetigkeitsbericht-Bridge-Gambia-e_V_2024.pdf\" target=\"_blank\" rel=\"noreferrer noopener\">Jahresbericht<\/a><\/td><\/tr><tr><td>2025<\/td><td><a href=\"https:\/\/gambian-bridge.org\/wp-content\/uploads\/2026\/03\/Einnahmen_Ausgaben_2025.pdf\" target=\"_blank\" rel=\"noreferrer noopener\">Finanzbericht<\/a><\/td><td><a href=\"https:\/\/gambian-bridge.org\/wp-content\/uploads\/2026\/03\/Taetigkeitsbericht-Bridge-Gambia-e_V_2025.pdf\" target=\"_blank\" rel=\"noreferrer noopener\">Jahresbericht<\/a><\/td><\/tr><\/tbody><\/table><\/figure>\n<\/div><\/div>\n\n\n\n<p class=\"wp-block-paragraph\"><\/p>\n","protected":false},"excerpt":{"rendered":"<p>Hier gibt es Informationen zum Nachweis unsere Arbeit, wie wir sie auch gegen\u00fcber dem Finanzamt darstellen. Als Verein sind wir verpflichtet aller drei Jahre eine Steuerkl\u00e4rung vorzulegen und unsere T\u00e4tigkeit in Berichten und unsere Finanzen in einer Einnahmen-\/\u00dcberschussrechnung darzulegen. 2020 Jahresbericht 2021 Finanzbericht Jahresbericht 2022 Finanzbericht Jahresbericht 2023 Finanzbericht Jahresbericht 2024 Finanzbericht Jahresbericht 2025 Finanzbericht &hellip; <\/p>\n<p><a class=\"more-link btn\" href=\"https:\/\/gambian-bridge.org\/en\/unser-verein\/unser-verein-in-zahlen\/\">Continue reading<\/a><\/p>\n","protected":false},"author":1,"featured_media":0,"parent":311,"menu_order":0,"comment_status":"closed","ping_status":"closed","template":"","meta":{"_crdt_document":"","footnotes":""},"class_list":["post-1581","page","type-page","status-publish","hentry","nodate","item-wrap"],"translation":{"provider":"WPGlobus","version":"3.0.2","language":"en","enabled_languages":["de","en"],"languages":{"de":{"title":true,"content":true,"excerpt":false},"en":{"title":false,"content":false,"excerpt":false}}},"_links":{"self":[{"href":"https:\/\/gambian-bridge.org\/en\/wp-json\/wp\/v2\/pages\/1581","targetHints":{"allow":["GET"]}}],"collection":[{"href":"https:\/\/gambian-bridge.org\/en\/wp-json\/wp\/v2\/pages"}],"about":[{"href":"https:\/\/gambian-bridge.org\/en\/wp-json\/wp\/v2\/types\/page"}],"author":[{"embeddable":true,"href":"https:\/\/gambian-bridge.org\/en\/wp-json\/wp\/v2\/users\/1"}],"replies":[{"embeddable":true,"href":"https:\/\/gambian-bridge.org\/en\/wp-json\/wp\/v2\/comments?post=1581"}],"version-history":[{"count":16,"href":"https:\/\/gambian-bridge.org\/en\/wp-json\/wp\/v2\/pages\/1581\/revisions"}],"predecessor-version":[{"id":2088,"href":"https:\/\/gambian-bridge.org\/en\/wp-json\/wp\/v2\/pages\/1581\/revisions\/2088"}],"up":[{"embeddable":true,"href":"https:\/\/gambian-bridge.org\/en\/wp-json\/wp\/v2\/pages\/311"}],"wp:attachment":[{"href":"https:\/\/gambian-bridge.org\/en\/wp-json\/wp\/v2\/media?parent=1581"}],"curies":[{"name":"wp","href":"https:\/\/api.w.org\/{rel}","templated":true}]}}