{"id":1481,"date":"2024-06-09T18:43:09","date_gmt":"2024-06-09T16:43:09","guid":{"rendered":"https:\/\/gambian-bridge.org\/?page_id=1481"},"modified":"2024-06-09T21:48:40","modified_gmt":"2024-06-09T19:48:40","slug":"unsere-sponsorinnen","status":"publish","type":"page","link":"https:\/\/gambian-bridge.org\/en\/unsere-sponsorinnen\/","title":{"rendered":"Unsere SponsorInnen"},"content":{"rendered":"\n<p class=\"wp-block-paragraph\">Ohne all die Menschen und Organisationen, die uns finanziel, mit Sachspenden und Ideen unterst\u00fctzen w\u00e4re unsere Arbeit undenkbar. Nur die zahlreichen Spenden, welche uns jedes Jahr erreichen, versetzen uns in die Lage, Familien und deren Kinder in The Gambia zu unterst\u00fctzen. Wir k\u00f6nnen unsere Arbeit in diesem Land nur erfolgreich gestalten, weil wir finanziell und mit Sachspenden unterst\u00fctzt werden. Unser Dank gilt allen, die uns damit diese Arbeit erm\u00f6glichen.<\/p>\n\n\n\n<p class=\"wp-block-paragraph\">Hier stellen wir Menschen und Organisationen vor, die uns in besonderem Ma\u00dfe bef\u00f6rdern. Es geht dabei nicht nicht um die H\u00f6he eine Spende, sondern um inspirierende Aktivit\u00e4ten, Haltungen, und Ideen. <\/p>\n","protected":false},"excerpt":{"rendered":"<p>Ohne all die Menschen und Organisationen, die uns finanziel, mit Sachspenden und Ideen unterst\u00fctzen w\u00e4re unsere Arbeit undenkbar. Nur die zahlreichen Spenden, welche uns jedes Jahr erreichen, versetzen uns in die Lage, Familien und deren Kinder in The Gambia zu unterst\u00fctzen. Wir k\u00f6nnen unsere Arbeit in diesem Land nur erfolgreich gestalten, weil wir finanziell und &hellip; <\/p>\n<p><a class=\"more-link btn\" href=\"https:\/\/gambian-bridge.org\/en\/unsere-sponsorinnen\/\">Continue reading<\/a><\/p>\n","protected":false},"author":1,"featured_media":0,"parent":0,"menu_order":0,"comment_status":"closed","ping_status":"closed","template":"","meta":{"_crdt_document":"","footnotes":""},"class_list":["post-1481","page","type-page","status-publish","hentry","nodate","item-wrap"],"translation":{"provider":"WPGlobus","version":"3.0.2","language":"en","enabled_languages":["de","en"],"languages":{"de":{"title":true,"content":true,"excerpt":false},"en":{"title":false,"content":false,"excerpt":false}}},"_links":{"self":[{"href":"https:\/\/gambian-bridge.org\/en\/wp-json\/wp\/v2\/pages\/1481","targetHints":{"allow":["GET"]}}],"collection":[{"href":"https:\/\/gambian-bridge.org\/en\/wp-json\/wp\/v2\/pages"}],"about":[{"href":"https:\/\/gambian-bridge.org\/en\/wp-json\/wp\/v2\/types\/page"}],"author":[{"embeddable":true,"href":"https:\/\/gambian-bridge.org\/en\/wp-json\/wp\/v2\/users\/1"}],"replies":[{"embeddable":true,"href":"https:\/\/gambian-bridge.org\/en\/wp-json\/wp\/v2\/comments?post=1481"}],"version-history":[{"count":1,"href":"https:\/\/gambian-bridge.org\/en\/wp-json\/wp\/v2\/pages\/1481\/revisions"}],"predecessor-version":[{"id":1482,"href":"https:\/\/gambian-bridge.org\/en\/wp-json\/wp\/v2\/pages\/1481\/revisions\/1482"}],"wp:attachment":[{"href":"https:\/\/gambian-bridge.org\/en\/wp-json\/wp\/v2\/media?parent=1481"}],"curies":[{"name":"wp","href":"https:\/\/api.w.org\/{rel}","templated":true}]}}