{"id":1446,"date":"2024-06-09T16:59:50","date_gmt":"2024-06-09T14:59:50","guid":{"rendered":"https:\/\/gambian-bridge.org\/?page_id=1446"},"modified":"2024-06-09T17:09:40","modified_gmt":"2024-06-09T15:09:40","slug":"berufsbildung-gambia-e-v","status":"publish","type":"page","link":"https:\/\/gambian-bridge.org\/en\/gambia-netzwerk\/berufsbildung-gambia-e-v\/","title":{"rendered":"Berufsbildung Gambia e.V."},"content":{"rendered":"\n<p class=\"wp-block-paragraph\">Der Verein Berufsbildung Gambia e.V. wurde im<strong> <\/strong>Juni 2005 gegr\u00fcndet und hat seinen Sitz in Luckenwalde. Eines seiner wichtigsten Ziele ist es, m\u00f6glichst vielen hilfsbed\u00fcrftigen M\u00e4dchen und Jungen aus dem westafrikanischen The Gambia durch Patenschaften den Schulbesuch zu finanzieren. Damit leistet der Verein einen wichtigen Beitrag den Kreislauf von Armut, mangelnder Schulbildung, schlechten Berufschancen und erneuter Armut zu durchbrechen.<\/p>\n\n\n\n<p class=\"wp-block-paragraph\">Dar\u00fcber hinaus sammelt der Verein Sachspenden, die in j\u00e4hrlichem Rhythmus nach The Gambia geschickt werden. Legend\u00e4r sind die Containeraktionen, die zumeist um den Jahreswechsel herum stattfinden und Vereinsmitglieder aus ganz Deutschland und viele ehrenamtliche Helfer zusammenbringen.<\/p>\n\n\n\n<p class=\"wp-block-paragraph\">Der Verein ist bem\u00fcht den Kontakt zwischen Paten und Patenkindern herzustellen und damit Einzelschicksalen sichtbar zu machen. Dar\u00fcber hinaus werden Menschen mit&nbsp; Sach- und Geldspenden unterst\u00fctzt, die unverschuldet in Not gekommen sind.<\/p>\n\n\n\n<div class=\"wp-block-columns is-layout-flex wp-container-core-columns-is-layout-8f761849 wp-block-columns-is-layout-flex\">\n<div class=\"wp-block-column is-layout-flow wp-block-column-is-layout-flow\">\n<figure class=\"wp-block-image size-full\"><img loading=\"lazy\" decoding=\"async\" width=\"160\" height=\"160\" src=\"https:\/\/gambian-bridge.org\/wp-content\/uploads\/2024\/06\/Logo_BBG.png\" alt=\"\" class=\"wp-image-1465\" srcset=\"https:\/\/gambian-bridge.org\/wp-content\/uploads\/2024\/06\/Logo_BBG.png 160w, https:\/\/gambian-bridge.org\/wp-content\/uploads\/2024\/06\/Logo_BBG-150x150.png 150w\" sizes=\"auto, (max-width: 160px) 100vw, 160px\" \/><\/figure>\n<\/div>\n\n\n\n<div class=\"wp-block-column is-layout-flow wp-block-column-is-layout-flow\">\n<figure class=\"wp-block-image size-full\"><img loading=\"lazy\" decoding=\"async\" width=\"800\" height=\"700\" src=\"https:\/\/gambian-bridge.org\/wp-content\/uploads\/2024\/06\/BBG_Bild2.png\" alt=\"\" class=\"wp-image-1453\" srcset=\"https:\/\/gambian-bridge.org\/wp-content\/uploads\/2024\/06\/BBG_Bild2.png 800w, https:\/\/gambian-bridge.org\/wp-content\/uploads\/2024\/06\/BBG_Bild2-300x263.png 300w, https:\/\/gambian-bridge.org\/wp-content\/uploads\/2024\/06\/BBG_Bild2-768x672.png 768w, https:\/\/gambian-bridge.org\/wp-content\/uploads\/2024\/06\/BBG_Bild2-750x656.png 750w\" sizes=\"auto, (max-width: 800px) 100vw, 800px\" \/><\/figure>\n<\/div>\n\n\n\n<div class=\"wp-block-column is-layout-flow wp-block-column-is-layout-flow\">\n<figure class=\"wp-block-image size-full\"><img loading=\"lazy\" decoding=\"async\" width=\"800\" height=\"700\" src=\"https:\/\/gambian-bridge.org\/wp-content\/uploads\/2024\/06\/BBG_Bild1.png\" alt=\"\" class=\"wp-image-1452\" srcset=\"https:\/\/gambian-bridge.org\/wp-content\/uploads\/2024\/06\/BBG_Bild1.png 800w, https:\/\/gambian-bridge.org\/wp-content\/uploads\/2024\/06\/BBG_Bild1-300x263.png 300w, https:\/\/gambian-bridge.org\/wp-content\/uploads\/2024\/06\/BBG_Bild1-768x672.png 768w, https:\/\/gambian-bridge.org\/wp-content\/uploads\/2024\/06\/BBG_Bild1-750x656.png 750w\" sizes=\"auto, (max-width: 800px) 100vw, 800px\" \/><\/figure>\n<\/div>\n<\/div>\n\n\n\n<p class=\"wp-block-paragraph\"><a href=\"https:\/\/berufsbildung-gambia.net\/\" target=\"_blank\" rel=\"noreferrer noopener\">https:\/\/berufsbildung-gambia.net<\/a><\/p>\n","protected":false},"excerpt":{"rendered":"<p>Der Verein Berufsbildung Gambia e.V. wurde im Juni 2005 gegr\u00fcndet und hat seinen Sitz in Luckenwalde. Eines seiner wichtigsten Ziele ist es, m\u00f6glichst vielen hilfsbed\u00fcrftigen M\u00e4dchen und Jungen aus dem westafrikanischen The Gambia durch Patenschaften den Schulbesuch zu finanzieren. Damit leistet der Verein einen wichtigen Beitrag den Kreislauf von Armut, mangelnder Schulbildung, schlechten Berufschancen und &hellip; <\/p>\n<p><a class=\"more-link btn\" href=\"https:\/\/gambian-bridge.org\/en\/gambia-netzwerk\/berufsbildung-gambia-e-v\/\">Continue reading<\/a><\/p>\n","protected":false},"author":1,"featured_media":1465,"parent":1082,"menu_order":5,"comment_status":"closed","ping_status":"closed","template":"","meta":{"_crdt_document":"","footnotes":""},"class_list":["post-1446","page","type-page","status-publish","has-post-thumbnail","hentry","nodate","item-wrap"],"translation":{"provider":"WPGlobus","version":"3.0.2","language":"en","enabled_languages":["de","en"],"languages":{"de":{"title":true,"content":true,"excerpt":false},"en":{"title":false,"content":false,"excerpt":false}}},"_links":{"self":[{"href":"https:\/\/gambian-bridge.org\/en\/wp-json\/wp\/v2\/pages\/1446","targetHints":{"allow":["GET"]}}],"collection":[{"href":"https:\/\/gambian-bridge.org\/en\/wp-json\/wp\/v2\/pages"}],"about":[{"href":"https:\/\/gambian-bridge.org\/en\/wp-json\/wp\/v2\/types\/page"}],"author":[{"embeddable":true,"href":"https:\/\/gambian-bridge.org\/en\/wp-json\/wp\/v2\/users\/1"}],"replies":[{"embeddable":true,"href":"https:\/\/gambian-bridge.org\/en\/wp-json\/wp\/v2\/comments?post=1446"}],"version-history":[{"count":10,"href":"https:\/\/gambian-bridge.org\/en\/wp-json\/wp\/v2\/pages\/1446\/revisions"}],"predecessor-version":[{"id":1466,"href":"https:\/\/gambian-bridge.org\/en\/wp-json\/wp\/v2\/pages\/1446\/revisions\/1466"}],"up":[{"embeddable":true,"href":"https:\/\/gambian-bridge.org\/en\/wp-json\/wp\/v2\/pages\/1082"}],"wp:featuredmedia":[{"embeddable":true,"href":"https:\/\/gambian-bridge.org\/en\/wp-json\/wp\/v2\/media\/1465"}],"wp:attachment":[{"href":"https:\/\/gambian-bridge.org\/en\/wp-json\/wp\/v2\/media?parent=1446"}],"curies":[{"name":"wp","href":"https:\/\/api.w.org\/{rel}","templated":true}]}}