{"id":1392,"date":"2024-05-16T06:04:53","date_gmt":"2024-05-16T04:04:53","guid":{"rendered":"https:\/\/gambian-bridge.org\/?page_id=1392"},"modified":"2024-05-16T06:13:10","modified_gmt":"2024-05-16T04:13:10","slug":"help-the-poor-and-the-needy-e-v","status":"publish","type":"page","link":"https:\/\/gambian-bridge.org\/en\/gambia-netzwerk\/help-the-poor-and-the-needy-e-v\/","title":{"rendered":"Help the poor and the needy e.V."},"content":{"rendered":"\n<p class=\"wp-block-paragraph\">So vielf\u00e4ltig die Projekte des Vereins auch sind, sie haben immer einen direkten Bezug zu den Belangen der Menschen in The Gambia. Der Verein blickt auf eine nunmehr 25-j\u00e4hrige Tradition zur\u00fcck. Im Mittelpunkt der Arbeit stehen Projekte, die unmittelbar wirken und konkret helfen, prek\u00e4re Lebenslagen von Menschen zu verbessern.<\/p>\n\n\n\n<p class=\"wp-block-paragraph\">Und noch etwas zeichnet den Verein aus, seine feste Verbundenheit mit dem Islam. In The Gambia sind ca. 90% der Bev\u00f6lkerung muslimisch. Eine der f\u00fcnf S\u00e4ulen des Islam ist die Unterst\u00fctzung der Bed\u00fcrftigen, auch &#8220;Zakat&#8221; genannt. &#8220;Poor the Help and Needy e.V.&#8221; schafft es auf bemerkenswerte Weise, Verm\u00f6gende und Bed\u00fcrftige zusammenzubringen und damit beiden Seiten gerecht zu werden. Hilfe f\u00fcr die einen und die religi\u00f6se Pflichterf\u00fcllung gl\u00e4ubiger Muslime zum anderen.<\/p>\n\n\n\n<div class=\"wp-block-columns are-vertically-aligned-center is-layout-flex wp-container-core-columns-is-layout-8f761849 wp-block-columns-is-layout-flex\">\n<div class=\"wp-block-column is-vertically-aligned-center is-layout-flow wp-block-column-is-layout-flow\" style=\"flex-basis:33.33%\">\n<div class=\"wp-block-columns is-layout-flex wp-container-core-columns-is-layout-8f761849 wp-block-columns-is-layout-flex\">\n<div class=\"wp-block-column is-layout-flow wp-block-column-is-layout-flow\">\n<figure class=\"wp-block-image size-full\"><img loading=\"lazy\" decoding=\"async\" width=\"160\" height=\"160\" src=\"https:\/\/gambian-bridge.org\/wp-content\/uploads\/2024\/05\/Logo_Help-the-poor-and-the-needy_160x160.png\" alt=\"\" class=\"wp-image-1436\" srcset=\"https:\/\/gambian-bridge.org\/wp-content\/uploads\/2024\/05\/Logo_Help-the-poor-and-the-needy_160x160.png 160w, https:\/\/gambian-bridge.org\/wp-content\/uploads\/2024\/05\/Logo_Help-the-poor-and-the-needy_160x160-150x150.png 150w\" sizes=\"auto, (max-width: 160px) 100vw, 160px\" \/><\/figure>\n<\/div>\n<\/div>\n<\/div>\n\n\n\n<div class=\"wp-block-column is-vertically-aligned-center is-layout-flow wp-block-column-is-layout-flow\" style=\"flex-basis:66.66%\">\n<figure class=\"wp-block-image size-large is-resized\"><img loading=\"lazy\" decoding=\"async\" width=\"1024\" height=\"478\" src=\"https:\/\/gambian-bridge.org\/wp-content\/uploads\/2024\/05\/Composed-1024x478.jpg\" alt=\"\" class=\"wp-image-1405\" style=\"width:446px;height:auto\" srcset=\"https:\/\/gambian-bridge.org\/wp-content\/uploads\/2024\/05\/Composed-1024x478.jpg 1024w, https:\/\/gambian-bridge.org\/wp-content\/uploads\/2024\/05\/Composed-300x140.jpg 300w, https:\/\/gambian-bridge.org\/wp-content\/uploads\/2024\/05\/Composed-768x358.jpg 768w, https:\/\/gambian-bridge.org\/wp-content\/uploads\/2024\/05\/Composed-1536x717.jpg 1536w, https:\/\/gambian-bridge.org\/wp-content\/uploads\/2024\/05\/Composed-2048x956.jpg 2048w, https:\/\/gambian-bridge.org\/wp-content\/uploads\/2024\/05\/Composed-750x350.jpg 750w\" sizes=\"auto, (max-width: 1024px) 100vw, 1024px\" \/><\/figure>\n<\/div>\n<\/div>\n\n\n\n<p class=\"wp-block-paragraph\"><a href=\"https:\/\/helpthepoor.eu\/\" data-type=\"link\" data-id=\"https:\/\/helpthepoor.eu\/\" target=\"_blank\" rel=\"noreferrer noopener\">https:\/\/helpthepoor.eu\/<\/a><\/p>\n","protected":false},"excerpt":{"rendered":"<p>So vielf\u00e4ltig die Projekte des Vereins auch sind, sie haben immer einen direkten Bezug zu den Belangen der Menschen in The Gambia. Der Verein blickt auf eine nunmehr 25-j\u00e4hrige Tradition zur\u00fcck. Im Mittelpunkt der Arbeit stehen Projekte, die unmittelbar wirken und konkret helfen, prek\u00e4re Lebenslagen von Menschen zu verbessern. Und noch etwas zeichnet den Verein &hellip; <\/p>\n<p><a class=\"more-link btn\" href=\"https:\/\/gambian-bridge.org\/en\/gambia-netzwerk\/help-the-poor-and-the-needy-e-v\/\">Continue reading<\/a><\/p>\n","protected":false},"author":1,"featured_media":1436,"parent":1082,"menu_order":3,"comment_status":"closed","ping_status":"closed","template":"","meta":{"_crdt_document":"","footnotes":""},"class_list":["post-1392","page","type-page","status-publish","has-post-thumbnail","hentry","nodate","item-wrap"],"translation":{"provider":"WPGlobus","version":"3.0.2","language":"en","enabled_languages":["de","en"],"languages":{"de":{"title":true,"content":true,"excerpt":false},"en":{"title":false,"content":false,"excerpt":false}}},"_links":{"self":[{"href":"https:\/\/gambian-bridge.org\/en\/wp-json\/wp\/v2\/pages\/1392","targetHints":{"allow":["GET"]}}],"collection":[{"href":"https:\/\/gambian-bridge.org\/en\/wp-json\/wp\/v2\/pages"}],"about":[{"href":"https:\/\/gambian-bridge.org\/en\/wp-json\/wp\/v2\/types\/page"}],"author":[{"embeddable":true,"href":"https:\/\/gambian-bridge.org\/en\/wp-json\/wp\/v2\/users\/1"}],"replies":[{"embeddable":true,"href":"https:\/\/gambian-bridge.org\/en\/wp-json\/wp\/v2\/comments?post=1392"}],"version-history":[{"count":15,"href":"https:\/\/gambian-bridge.org\/en\/wp-json\/wp\/v2\/pages\/1392\/revisions"}],"predecessor-version":[{"id":1443,"href":"https:\/\/gambian-bridge.org\/en\/wp-json\/wp\/v2\/pages\/1392\/revisions\/1443"}],"up":[{"embeddable":true,"href":"https:\/\/gambian-bridge.org\/en\/wp-json\/wp\/v2\/pages\/1082"}],"wp:featuredmedia":[{"embeddable":true,"href":"https:\/\/gambian-bridge.org\/en\/wp-json\/wp\/v2\/media\/1436"}],"wp:attachment":[{"href":"https:\/\/gambian-bridge.org\/en\/wp-json\/wp\/v2\/media?parent=1392"}],"curies":[{"name":"wp","href":"https:\/\/api.w.org\/{rel}","templated":true}]}}