{"id":1378,"date":"2024-05-10T22:05:09","date_gmt":"2024-05-10T20:05:09","guid":{"rendered":"https:\/\/gambian-bridge.org\/?page_id=1378"},"modified":"2026-03-12T19:27:32","modified_gmt":"2026-03-12T18:27:32","slug":"hand-in-hand-e-v","status":"publish","type":"page","link":"https:\/\/gambian-bridge.org\/en\/gambia-netzwerk\/hand-in-hand-e-v\/","title":{"rendered":"Hand in Hand e.V."},"content":{"rendered":"\n<p class=\"wp-block-paragraph\">Der 2014 gegr\u00fcndete Verein hat sich insbesondere der F\u00f6rderung von Projekten in der Landwirtschaft verschrieben. Bei diesen Vorhaben stehen insbesondere die F\u00f6rderung von Nachhaltigkeit und die schnellstm\u00f6gliche \u00dcberf\u00fchrung der Verantwortlichkeiten an die Akteure vor Ort im Vordergrund.<\/p>\n\n\n\n<p class=\"wp-block-paragraph\">Hand in Hand e.V. hat seit seiner Gr\u00fcndung zahlreiche Landwirtschaftsprojekte erfolgreich abgeschlossen, den Menschen vor Ort eine Perspektive gegeben und ihnen die M\u00f6glichkeit er\u00f6ffnet, durch den Anbau von Obst und Gem\u00fcse ihren Lebensunterhalt aufzubessern.<\/p>\n\n\n\n<p class=\"wp-block-paragraph\">Ein weiterer wichtiger Punkt ist die Unterst\u00fctzung von Familien und D\u00f6rfern bei der Schaffung des Zugangs zu sauberem Wasser.&nbsp; F\u00fcr uns ist es Normalit\u00e4t, aber in vielen Teilen der Welt ist Trinkwasser ein rares Gut.<\/p>\n\n\n\n<p class=\"wp-block-paragraph\">Und der Verein gibt ein Versprechen, alle Mitgliedsbeitr\u00e4ge und Spenden flie\u00dfen vollst\u00e4ndig in Projekte in Afrika.<\/p>\n\n\n\n<div class=\"wp-block-columns is-layout-flex wp-container-core-columns-is-layout-8f761849 wp-block-columns-is-layout-flex\">\n<div class=\"wp-block-column is-layout-flow wp-block-column-is-layout-flow\">\n<figure class=\"wp-block-image size-full\"><img decoding=\"async\" src=\"https:\/\/gambian-bridge.org\/wp-content\/uploads\/2024\/05\/HandInHand_Logo.png\" alt=\"\" class=\"wp-image-1386\"\/><\/figure>\n<\/div>\n\n\n\n<div class=\"wp-block-column is-layout-flow wp-block-column-is-layout-flow\">\n<figure class=\"wp-block-image size-full\"><img loading=\"lazy\" decoding=\"async\" width=\"278\" height=\"144\" src=\"https:\/\/gambian-bridge.org\/wp-content\/uploads\/2024\/05\/Bild-Hand-in-Hand.webp\" alt=\"\" class=\"wp-image-1381\" style=\"aspect-ratio:3\/2;object-fit:cover\"\/><\/figure>\n<\/div>\n<\/div>\n\n\n\n<p class=\"wp-block-paragraph\"><a href=\"https:\/\/www.handinhand-africa.com\" target=\"_blank\" rel=\"noreferrer noopener\">https:\/\/www.handinhand-africa.com<\/a><\/p>\n","protected":false},"excerpt":{"rendered":"<p>Der 2014 gegr\u00fcndete Verein hat sich insbesondere der F\u00f6rderung von Projekten in der Landwirtschaft verschrieben. Bei diesen Vorhaben stehen insbesondere die F\u00f6rderung von Nachhaltigkeit und die schnellstm\u00f6gliche \u00dcberf\u00fchrung der Verantwortlichkeiten an die Akteure vor Ort im Vordergrund. Hand in Hand e.V. hat seit seiner Gr\u00fcndung zahlreiche Landwirtschaftsprojekte erfolgreich abgeschlossen, den Menschen vor Ort eine Perspektive &hellip; <\/p>\n<p><a class=\"more-link btn\" href=\"https:\/\/gambian-bridge.org\/en\/gambia-netzwerk\/hand-in-hand-e-v\/\">Continue reading<\/a><\/p>\n","protected":false},"author":1,"featured_media":1434,"parent":1082,"menu_order":2,"comment_status":"closed","ping_status":"closed","template":"","meta":{"_crdt_document":"","footnotes":""},"class_list":["post-1378","page","type-page","status-publish","has-post-thumbnail","hentry","nodate","item-wrap"],"translation":{"provider":"WPGlobus","version":"3.0.2","language":"en","enabled_languages":["de","en"],"languages":{"de":{"title":true,"content":true,"excerpt":false},"en":{"title":false,"content":false,"excerpt":false}}},"_links":{"self":[{"href":"https:\/\/gambian-bridge.org\/en\/wp-json\/wp\/v2\/pages\/1378","targetHints":{"allow":["GET"]}}],"collection":[{"href":"https:\/\/gambian-bridge.org\/en\/wp-json\/wp\/v2\/pages"}],"about":[{"href":"https:\/\/gambian-bridge.org\/en\/wp-json\/wp\/v2\/types\/page"}],"author":[{"embeddable":true,"href":"https:\/\/gambian-bridge.org\/en\/wp-json\/wp\/v2\/users\/1"}],"replies":[{"embeddable":true,"href":"https:\/\/gambian-bridge.org\/en\/wp-json\/wp\/v2\/comments?post=1378"}],"version-history":[{"count":10,"href":"https:\/\/gambian-bridge.org\/en\/wp-json\/wp\/v2\/pages\/1378\/revisions"}],"predecessor-version":[{"id":2113,"href":"https:\/\/gambian-bridge.org\/en\/wp-json\/wp\/v2\/pages\/1378\/revisions\/2113"}],"up":[{"embeddable":true,"href":"https:\/\/gambian-bridge.org\/en\/wp-json\/wp\/v2\/pages\/1082"}],"wp:featuredmedia":[{"embeddable":true,"href":"https:\/\/gambian-bridge.org\/en\/wp-json\/wp\/v2\/media\/1434"}],"wp:attachment":[{"href":"https:\/\/gambian-bridge.org\/en\/wp-json\/wp\/v2\/media?parent=1378"}],"curies":[{"name":"wp","href":"https:\/\/api.w.org\/{rel}","templated":true}]}}