{"id":1082,"date":"2022-01-08T14:06:17","date_gmt":"2022-01-08T13:06:17","guid":{"rendered":"https:\/\/gambian-bridge.org\/?page_id=1082"},"modified":"2024-11-08T19:47:08","modified_gmt":"2024-11-08T18:47:08","slug":"gambia-netzwerk","status":"publish","type":"page","link":"https:\/\/gambian-bridge.org\/en\/gambia-netzwerk\/","title":{"rendered":"Gambia Netzwerk"},"content":{"rendered":"\n<p class=\"wp-block-paragraph\">Auf dieser Seite stellen wir Projekte vor, mit denen wir uns verbunden f\u00fchlen, deren Anliegen wir unterst\u00fctzen oder mit denen wir zusammenarbeiten. Das sind Vereine und Initiativen, die sich wie wir in The Gambia oder dem Senegal engagieren,&nbsp; Menschen in diesen L\u00e4ndern unterst\u00fctzen und konkrete solidarische Hilfe leisten sowie innovative Ideen und Projekte in diese L\u00e4nder tragen.<\/p>\n\n\n\n<p class=\"wp-block-paragraph\"><\/p>\n","protected":false},"excerpt":{"rendered":"<p>Auf dieser Seite stellen wir Projekte vor, mit denen wir uns verbunden f\u00fchlen, deren Anliegen wir unterst\u00fctzen oder mit denen wir zusammenarbeiten. Das sind Vereine und Initiativen, die sich wie wir in The Gambia oder dem Senegal engagieren,&nbsp; Menschen in diesen L\u00e4ndern unterst\u00fctzen und konkrete solidarische Hilfe leisten sowie innovative Ideen und Projekte in diese &hellip; <\/p>\n<p><a class=\"more-link btn\" href=\"https:\/\/gambian-bridge.org\/en\/gambia-netzwerk\/\">Continue reading<\/a><\/p>\n","protected":false},"author":1,"featured_media":0,"parent":0,"menu_order":0,"comment_status":"closed","ping_status":"closed","template":"","meta":{"_crdt_document":"","footnotes":""},"class_list":["post-1082","page","type-page","status-publish","hentry","nodate","item-wrap"],"translation":{"provider":"WPGlobus","version":"3.0.2","language":"en","enabled_languages":["de","en"],"languages":{"de":{"title":true,"content":true,"excerpt":false},"en":{"title":false,"content":false,"excerpt":false}}},"_links":{"self":[{"href":"https:\/\/gambian-bridge.org\/en\/wp-json\/wp\/v2\/pages\/1082","targetHints":{"allow":["GET"]}}],"collection":[{"href":"https:\/\/gambian-bridge.org\/en\/wp-json\/wp\/v2\/pages"}],"about":[{"href":"https:\/\/gambian-bridge.org\/en\/wp-json\/wp\/v2\/types\/page"}],"author":[{"embeddable":true,"href":"https:\/\/gambian-bridge.org\/en\/wp-json\/wp\/v2\/users\/1"}],"replies":[{"embeddable":true,"href":"https:\/\/gambian-bridge.org\/en\/wp-json\/wp\/v2\/comments?post=1082"}],"version-history":[{"count":18,"href":"https:\/\/gambian-bridge.org\/en\/wp-json\/wp\/v2\/pages\/1082\/revisions"}],"predecessor-version":[{"id":1718,"href":"https:\/\/gambian-bridge.org\/en\/wp-json\/wp\/v2\/pages\/1082\/revisions\/1718"}],"wp:attachment":[{"href":"https:\/\/gambian-bridge.org\/en\/wp-json\/wp\/v2\/media?parent=1082"}],"curies":[{"name":"wp","href":"https:\/\/api.w.org\/{rel}","templated":true}]}}