{"id":1011,"date":"2021-11-17T22:10:45","date_gmt":"2021-11-17T21:10:45","guid":{"rendered":"https:\/\/gambian-bridge.org\/?page_id=1011"},"modified":"2026-03-11T19:10:01","modified_gmt":"2026-03-11T18:10:01","slug":"paten-finden-menschen-zusammen-bringen","status":"publish","type":"page","link":"https:\/\/gambian-bridge.org\/en\/projekte\/patenschaften\/paten-finden-menschen-zusammen-bringen\/","title":{"rendered":"Paten finden &#8211; Menschen zusammen bringen"},"content":{"rendered":"\n<p class=\"wp-block-paragraph\">Dank der Hilfsbereitschaft unserer Patinnen und Paten konnten wir im Schuljahr 2022 \/ 2023 Sch\u00fclerInnen und StudentInnen in \u00e4hnlicher Anzahl vermitteln wie im letzten Jahr. Wir werden nach wie vor angefragt, ob wir Patenschaften vermitteln k\u00f6nnen. Nicht immer gelingt eine sofortige Vermittlung. Deshalb gehen wir hier den Weg einer Vermittlung \u00fcber unsere Website.<\/p>\n\n\n\n<p class=\"wp-block-paragraph\">Wenn ihr Interesse habt, eine Patenschaft zu \u00fcbernehmen oder in eurem Bekannten- und Freundeskreis Menschen sind, die gern eine Patenschaft \u00fcbernehmen m\u00f6chten, lasst es uns wissen. Wir stellen den Kontakt her und versorgen interessierte mit weiteren Informationen.<\/p>\n\n\n\n<p class=\"wp-block-paragraph\">Wir arbeiten seit Jahren erfolgreich mit der &#8220;Rhema Abam School&#8221; in Bundung zusammen. Der Besuch dieser Schule endet f\u00fcr die Sch\u00fclerinnen und Sch\u00fcler mit dem Abschluss der 6. Klasse (Abschlusspr\u00fcfung: Grade six Placement Examination). Die Schulgeb\u00fchr betr\u00e4gt 145,00 Euro pro Jahr und beinhaltet das Schulgeld, die Schuluniform und Schulb\u00fccher. Danach ist der Besuch einer Upper Basic School (Abschlusspr\u00fcfung: Basic Education Certificate Examination) und Senior Secondary School (Abschlusspr\u00fcfung: West African Senior Secondary Certificate Examination) m\u00f6glich.<\/p>\n\n\n\n<p class=\"wp-block-paragraph\">Dar\u00fcber hinaus kooperieren wir auch mit anderen Schulen und der <a rel=\"noreferrer noopener\" href=\"https:\/\/www.utg.edu.gm\/\" data-type=\"URL\" data-id=\"https:\/\/www.utg.edu.gm\/\" target=\"_blank\">University of The Gambia<\/a>. Die Geb\u00fchren an diesen Bildungseinrichtungen sind individuell und richten sich nach der dortigen Geb\u00fchrenordnung. <\/p>\n\n\n\n<p class=\"wp-block-paragraph\">Unter der \u00dcberschrift &#8220;Jeder Euro f\u00fcr die Ausbildung z\u00e4hlt&#8221; organisieren wir F\u00f6rdergemeinschaften. In diesen Gemeinschaften \u00fcbernehmen die Einzahlenden einen Teil der Gesamtf\u00f6rderung. Auch unser Verein beteiligt sich an diesen F\u00f6rdergemeinschaften und stockt fehlende Mittel f\u00fcr die Geb\u00fchren auf.<\/p>\n\n\n\n<p class=\"wp-block-paragraph\">Unsere erfolgreich vermittelten Patenschaften<\/p>\n\n\n\n<div class=\"wp-block-columns is-layout-flex wp-container-core-columns-is-layout-8f761849 wp-block-columns-is-layout-flex\">\n<div class=\"wp-block-column is-layout-flow wp-block-column-is-layout-flow\">\n<p class=\"wp-block-paragraph\"><strong>Sankung Secka<\/strong><\/p>\n\n\n\n<figure class=\"wp-block-image size-large\"><img loading=\"lazy\" decoding=\"async\" width=\"1024\" height=\"1024\" src=\"https:\/\/gambian-bridge.org\/wp-content\/uploads\/2023\/03\/Sankung-Secka-1024x1024.jpg\" alt=\"\" class=\"wp-image-1244\" srcset=\"https:\/\/gambian-bridge.org\/wp-content\/uploads\/2023\/03\/Sankung-Secka-1024x1024.jpg 1024w, https:\/\/gambian-bridge.org\/wp-content\/uploads\/2023\/03\/Sankung-Secka-300x300.jpg 300w, https:\/\/gambian-bridge.org\/wp-content\/uploads\/2023\/03\/Sankung-Secka-150x150.jpg 150w, https:\/\/gambian-bridge.org\/wp-content\/uploads\/2023\/03\/Sankung-Secka-768x768.jpg 768w, https:\/\/gambian-bridge.org\/wp-content\/uploads\/2023\/03\/Sankung-Secka-1536x1536.jpg 1536w, https:\/\/gambian-bridge.org\/wp-content\/uploads\/2023\/03\/Sankung-Secka-750x750.jpg 750w, https:\/\/gambian-bridge.org\/wp-content\/uploads\/2023\/03\/Sankung-Secka.jpg 1600w\" sizes=\"auto, (max-width: 1024px) 100vw, 1024px\" \/><\/figure>\n<\/div>\n\n\n\n<div class=\"wp-block-column is-layout-flow wp-block-column-is-layout-flow\">\n<p class=\"wp-block-paragraph\"><strong>Sally A. Sanneh<\/strong><\/p>\n\n\n\n<figure class=\"wp-block-image size-large\"><img loading=\"lazy\" decoding=\"async\" width=\"1024\" height=\"1024\" src=\"https:\/\/gambian-bridge.org\/wp-content\/uploads\/2023\/01\/Sally-A.-Sanneh_20230101-1024x1024.jpg\" alt=\"\" class=\"wp-image-1202\" srcset=\"https:\/\/gambian-bridge.org\/wp-content\/uploads\/2023\/01\/Sally-A.-Sanneh_20230101-1024x1024.jpg 1024w, https:\/\/gambian-bridge.org\/wp-content\/uploads\/2023\/01\/Sally-A.-Sanneh_20230101-300x300.jpg 300w, https:\/\/gambian-bridge.org\/wp-content\/uploads\/2023\/01\/Sally-A.-Sanneh_20230101-150x150.jpg 150w, https:\/\/gambian-bridge.org\/wp-content\/uploads\/2023\/01\/Sally-A.-Sanneh_20230101-768x768.jpg 768w, https:\/\/gambian-bridge.org\/wp-content\/uploads\/2023\/01\/Sally-A.-Sanneh_20230101-1536x1536.jpg 1536w, https:\/\/gambian-bridge.org\/wp-content\/uploads\/2023\/01\/Sally-A.-Sanneh_20230101-750x750.jpg 750w, https:\/\/gambian-bridge.org\/wp-content\/uploads\/2023\/01\/Sally-A.-Sanneh_20230101.jpg 1600w\" sizes=\"auto, (max-width: 1024px) 100vw, 1024px\" \/><\/figure>\n<\/div>\n<\/div>\n\n\n\n<div class=\"wp-block-columns is-layout-flex wp-container-core-columns-is-layout-8f761849 wp-block-columns-is-layout-flex\">\n<div class=\"wp-block-column is-layout-flow wp-block-column-is-layout-flow\">\n<p class=\"wp-block-paragraph\"><strong><strong>Ass Secka<\/strong><\/strong><\/p>\n\n\n\n<figure class=\"wp-block-image size-large\"><a href=\"https:\/\/gambian-bridge.org\/ass-secka-20230121\/\"><img loading=\"lazy\" decoding=\"async\" width=\"1024\" height=\"1024\" src=\"https:\/\/gambian-bridge.org\/wp-content\/uploads\/2023\/01\/Ass-Secka-20230121-1024x1024.jpg\" alt=\"\" class=\"wp-image-1210\" srcset=\"https:\/\/gambian-bridge.org\/wp-content\/uploads\/2023\/01\/Ass-Secka-20230121-1024x1024.jpg 1024w, https:\/\/gambian-bridge.org\/wp-content\/uploads\/2023\/01\/Ass-Secka-20230121-300x300.jpg 300w, https:\/\/gambian-bridge.org\/wp-content\/uploads\/2023\/01\/Ass-Secka-20230121-150x150.jpg 150w, https:\/\/gambian-bridge.org\/wp-content\/uploads\/2023\/01\/Ass-Secka-20230121-768x768.jpg 768w, https:\/\/gambian-bridge.org\/wp-content\/uploads\/2023\/01\/Ass-Secka-20230121-1536x1536.jpg 1536w, https:\/\/gambian-bridge.org\/wp-content\/uploads\/2023\/01\/Ass-Secka-20230121-750x750.jpg 750w, https:\/\/gambian-bridge.org\/wp-content\/uploads\/2023\/01\/Ass-Secka-20230121.jpg 1600w\" sizes=\"auto, (max-width: 1024px) 100vw, 1024px\" \/><\/a><\/figure>\n<\/div>\n\n\n\n<div class=\"wp-block-column is-layout-flow wp-block-column-is-layout-flow\">\n<p class=\"wp-block-paragraph\"><strong> Pierre Mendy<\/strong><\/p>\n\n\n\n<figure class=\"wp-block-image size-large\"><img loading=\"lazy\" decoding=\"async\" width=\"1024\" height=\"1024\" src=\"https:\/\/gambian-bridge.org\/wp-content\/uploads\/2023\/11\/Pierre-Mendy_1600x1600-1024x1024.jpeg\" alt=\"\" class=\"wp-image-1318\" srcset=\"https:\/\/gambian-bridge.org\/wp-content\/uploads\/2023\/11\/Pierre-Mendy_1600x1600-1024x1024.jpeg 1024w, https:\/\/gambian-bridge.org\/wp-content\/uploads\/2023\/11\/Pierre-Mendy_1600x1600-300x300.jpeg 300w, https:\/\/gambian-bridge.org\/wp-content\/uploads\/2023\/11\/Pierre-Mendy_1600x1600-150x150.jpeg 150w, https:\/\/gambian-bridge.org\/wp-content\/uploads\/2023\/11\/Pierre-Mendy_1600x1600-768x768.jpeg 768w, https:\/\/gambian-bridge.org\/wp-content\/uploads\/2023\/11\/Pierre-Mendy_1600x1600-1536x1536.jpeg 1536w, https:\/\/gambian-bridge.org\/wp-content\/uploads\/2023\/11\/Pierre-Mendy_1600x1600-750x750.jpeg 750w, https:\/\/gambian-bridge.org\/wp-content\/uploads\/2023\/11\/Pierre-Mendy_1600x1600.jpeg 1600w\" sizes=\"auto, (max-width: 1024px) 100vw, 1024px\" \/><\/figure>\n<\/div>\n<\/div>\n\n\n\n<div class=\"wp-block-columns is-layout-flex wp-container-core-columns-is-layout-8f761849 wp-block-columns-is-layout-flex\">\n<div class=\"wp-block-column is-layout-flow wp-block-column-is-layout-flow\">\n<p class=\"wp-block-paragraph\"><strong><strong>Bintu Barrow<\/strong><\/strong><\/p>\n\n\n\n<figure class=\"wp-block-image size-large\"><img loading=\"lazy\" decoding=\"async\" width=\"1024\" height=\"1024\" src=\"https:\/\/gambian-bridge.org\/wp-content\/uploads\/2023\/11\/Bintou-Barrow_1600x1600-1024x1024.jpg\" alt=\"\" class=\"wp-image-1313\" srcset=\"https:\/\/gambian-bridge.org\/wp-content\/uploads\/2023\/11\/Bintou-Barrow_1600x1600-1024x1024.jpg 1024w, https:\/\/gambian-bridge.org\/wp-content\/uploads\/2023\/11\/Bintou-Barrow_1600x1600-300x300.jpg 300w, https:\/\/gambian-bridge.org\/wp-content\/uploads\/2023\/11\/Bintou-Barrow_1600x1600-150x150.jpg 150w, https:\/\/gambian-bridge.org\/wp-content\/uploads\/2023\/11\/Bintou-Barrow_1600x1600-768x768.jpg 768w, https:\/\/gambian-bridge.org\/wp-content\/uploads\/2023\/11\/Bintou-Barrow_1600x1600-1536x1536.jpg 1536w, https:\/\/gambian-bridge.org\/wp-content\/uploads\/2023\/11\/Bintou-Barrow_1600x1600-750x750.jpg 750w, https:\/\/gambian-bridge.org\/wp-content\/uploads\/2023\/11\/Bintou-Barrow_1600x1600.jpg 1600w\" sizes=\"auto, (max-width: 1024px) 100vw, 1024px\" \/><\/figure>\n<\/div>\n\n\n\n<div class=\"wp-block-column is-layout-flow wp-block-column-is-layout-flow\">\n<p class=\"wp-block-paragraph\"><strong>Akaramah Sillah<\/strong><\/p>\n\n\n\n<figure class=\"wp-block-image size-large\"><img loading=\"lazy\" decoding=\"async\" width=\"1024\" height=\"1024\" src=\"https:\/\/gambian-bridge.org\/wp-content\/uploads\/2023\/11\/Akaramah-Sillah_1600x1600-1024x1024.jpeg\" alt=\"\" class=\"wp-image-1310\" srcset=\"https:\/\/gambian-bridge.org\/wp-content\/uploads\/2023\/11\/Akaramah-Sillah_1600x1600-1024x1024.jpeg 1024w, https:\/\/gambian-bridge.org\/wp-content\/uploads\/2023\/11\/Akaramah-Sillah_1600x1600-300x300.jpeg 300w, https:\/\/gambian-bridge.org\/wp-content\/uploads\/2023\/11\/Akaramah-Sillah_1600x1600-150x150.jpeg 150w, https:\/\/gambian-bridge.org\/wp-content\/uploads\/2023\/11\/Akaramah-Sillah_1600x1600-768x768.jpeg 768w, https:\/\/gambian-bridge.org\/wp-content\/uploads\/2023\/11\/Akaramah-Sillah_1600x1600-1536x1536.jpeg 1536w, https:\/\/gambian-bridge.org\/wp-content\/uploads\/2023\/11\/Akaramah-Sillah_1600x1600-750x750.jpeg 750w, https:\/\/gambian-bridge.org\/wp-content\/uploads\/2023\/11\/Akaramah-Sillah_1600x1600.jpeg 1600w\" sizes=\"auto, (max-width: 1024px) 100vw, 1024px\" \/><\/figure>\n<\/div>\n<\/div>\n\n\n\n<div class=\"wp-block-columns is-layout-flex wp-container-core-columns-is-layout-8f761849 wp-block-columns-is-layout-flex\">\n<div class=\"wp-block-column is-layout-flow wp-block-column-is-layout-flow\">\n<p class=\"wp-block-paragraph\"><strong>Ebrima Manjang<\/strong><\/p>\n\n\n\n<figure class=\"wp-block-image size-large\"><img loading=\"lazy\" decoding=\"async\" width=\"1024\" height=\"1024\" src=\"https:\/\/gambian-bridge.org\/wp-content\/uploads\/2023\/11\/Ebrima-Manjang_1600x1600-1024x1024.jpeg\" alt=\"\" class=\"wp-image-1314\" srcset=\"https:\/\/gambian-bridge.org\/wp-content\/uploads\/2023\/11\/Ebrima-Manjang_1600x1600-1024x1024.jpeg 1024w, https:\/\/gambian-bridge.org\/wp-content\/uploads\/2023\/11\/Ebrima-Manjang_1600x1600-300x300.jpeg 300w, https:\/\/gambian-bridge.org\/wp-content\/uploads\/2023\/11\/Ebrima-Manjang_1600x1600-150x150.jpeg 150w, https:\/\/gambian-bridge.org\/wp-content\/uploads\/2023\/11\/Ebrima-Manjang_1600x1600-768x768.jpeg 768w, https:\/\/gambian-bridge.org\/wp-content\/uploads\/2023\/11\/Ebrima-Manjang_1600x1600-1536x1536.jpeg 1536w, https:\/\/gambian-bridge.org\/wp-content\/uploads\/2023\/11\/Ebrima-Manjang_1600x1600-750x750.jpeg 750w, https:\/\/gambian-bridge.org\/wp-content\/uploads\/2023\/11\/Ebrima-Manjang_1600x1600.jpeg 1600w\" sizes=\"auto, (max-width: 1024px) 100vw, 1024px\" \/><\/figure>\n<\/div>\n\n\n\n<div class=\"wp-block-column is-layout-flow wp-block-column-is-layout-flow\">\n<p class=\"wp-block-paragraph\"><strong>Muhammed Jallow<\/strong><\/p>\n\n\n\n<figure class=\"wp-block-image size-large\"><img loading=\"lazy\" decoding=\"async\" width=\"1024\" height=\"1024\" src=\"https:\/\/gambian-bridge.org\/wp-content\/uploads\/2023\/11\/Muhammed-Jallow_1600x1600-1024x1024.jpg\" alt=\"\" class=\"wp-image-1317\" srcset=\"https:\/\/gambian-bridge.org\/wp-content\/uploads\/2023\/11\/Muhammed-Jallow_1600x1600-1024x1024.jpg 1024w, https:\/\/gambian-bridge.org\/wp-content\/uploads\/2023\/11\/Muhammed-Jallow_1600x1600-300x300.jpg 300w, https:\/\/gambian-bridge.org\/wp-content\/uploads\/2023\/11\/Muhammed-Jallow_1600x1600-150x150.jpg 150w, https:\/\/gambian-bridge.org\/wp-content\/uploads\/2023\/11\/Muhammed-Jallow_1600x1600-768x768.jpg 768w, https:\/\/gambian-bridge.org\/wp-content\/uploads\/2023\/11\/Muhammed-Jallow_1600x1600-1536x1536.jpg 1536w, https:\/\/gambian-bridge.org\/wp-content\/uploads\/2023\/11\/Muhammed-Jallow_1600x1600-750x750.jpg 750w, https:\/\/gambian-bridge.org\/wp-content\/uploads\/2023\/11\/Muhammed-Jallow_1600x1600.jpg 1600w\" sizes=\"auto, (max-width: 1024px) 100vw, 1024px\" \/><\/figure>\n<\/div>\n<\/div>\n\n\n\n<div class=\"wp-block-columns is-layout-flex wp-container-core-columns-is-layout-8f761849 wp-block-columns-is-layout-flex\">\n<div class=\"wp-block-column is-layout-flow wp-block-column-is-layout-flow\">\n<p class=\"wp-block-paragraph\"><strong>Haddijatou Boye<\/strong><\/p>\n\n\n\n<figure class=\"wp-block-image size-large\"><img loading=\"lazy\" decoding=\"async\" width=\"1024\" height=\"1024\" src=\"https:\/\/gambian-bridge.org\/wp-content\/uploads\/2024\/06\/Haddijatou-Boye_1600_1600-1024x1024.jpeg\" alt=\"\" class=\"wp-image-1577\" srcset=\"https:\/\/gambian-bridge.org\/wp-content\/uploads\/2024\/06\/Haddijatou-Boye_1600_1600-1024x1024.jpeg 1024w, https:\/\/gambian-bridge.org\/wp-content\/uploads\/2024\/06\/Haddijatou-Boye_1600_1600-300x300.jpeg 300w, https:\/\/gambian-bridge.org\/wp-content\/uploads\/2024\/06\/Haddijatou-Boye_1600_1600-150x150.jpeg 150w, https:\/\/gambian-bridge.org\/wp-content\/uploads\/2024\/06\/Haddijatou-Boye_1600_1600-768x768.jpeg 768w, https:\/\/gambian-bridge.org\/wp-content\/uploads\/2024\/06\/Haddijatou-Boye_1600_1600-1536x1536.jpeg 1536w, https:\/\/gambian-bridge.org\/wp-content\/uploads\/2024\/06\/Haddijatou-Boye_1600_1600-750x750.jpeg 750w, https:\/\/gambian-bridge.org\/wp-content\/uploads\/2024\/06\/Haddijatou-Boye_1600_1600.jpeg 1600w\" sizes=\"auto, (max-width: 1024px) 100vw, 1024px\" \/><\/figure>\n<\/div>\n\n\n\n<div class=\"wp-block-column is-layout-flow wp-block-column-is-layout-flow\">\n<p class=\"wp-block-paragraph\"><strong>Mariama Jawara<\/strong><\/p>\n\n\n\n<figure class=\"wp-block-image size-large\"><img loading=\"lazy\" decoding=\"async\" width=\"1024\" height=\"1024\" src=\"https:\/\/gambian-bridge.org\/wp-content\/uploads\/2023\/11\/Mariama-Jawara_1600x1600-1024x1024.jpeg\" alt=\"\" class=\"wp-image-1316\" srcset=\"https:\/\/gambian-bridge.org\/wp-content\/uploads\/2023\/11\/Mariama-Jawara_1600x1600-1024x1024.jpeg 1024w, https:\/\/gambian-bridge.org\/wp-content\/uploads\/2023\/11\/Mariama-Jawara_1600x1600-300x300.jpeg 300w, https:\/\/gambian-bridge.org\/wp-content\/uploads\/2023\/11\/Mariama-Jawara_1600x1600-150x150.jpeg 150w, https:\/\/gambian-bridge.org\/wp-content\/uploads\/2023\/11\/Mariama-Jawara_1600x1600-768x768.jpeg 768w, https:\/\/gambian-bridge.org\/wp-content\/uploads\/2023\/11\/Mariama-Jawara_1600x1600-1536x1536.jpeg 1536w, https:\/\/gambian-bridge.org\/wp-content\/uploads\/2023\/11\/Mariama-Jawara_1600x1600-750x750.jpeg 750w, https:\/\/gambian-bridge.org\/wp-content\/uploads\/2023\/11\/Mariama-Jawara_1600x1600.jpeg 1600w\" sizes=\"auto, (max-width: 1024px) 100vw, 1024px\" \/><\/figure>\n<\/div>\n<\/div>\n","protected":false},"excerpt":{"rendered":"<p>Dank der Hilfsbereitschaft unserer Patinnen und Paten konnten wir im Schuljahr 2022 \/ 2023 Sch\u00fclerInnen und StudentInnen in \u00e4hnlicher Anzahl vermitteln wie im letzten Jahr. Wir werden nach wie vor angefragt, ob wir Patenschaften vermitteln k\u00f6nnen. Nicht immer gelingt eine sofortige Vermittlung. Deshalb gehen wir hier den Weg einer Vermittlung \u00fcber unsere Website. Wenn ihr &hellip; <\/p>\n<p><a class=\"more-link btn\" href=\"https:\/\/gambian-bridge.org\/en\/projekte\/patenschaften\/paten-finden-menschen-zusammen-bringen\/\">Continue reading<\/a><\/p>\n","protected":false},"author":1,"featured_media":0,"parent":493,"menu_order":1,"comment_status":"closed","ping_status":"closed","template":"","meta":{"_crdt_document":"","footnotes":""},"class_list":["post-1011","page","type-page","status-publish","hentry","nodate","item-wrap"],"translation":{"provider":"WPGlobus","version":"3.0.2","language":"en","enabled_languages":["de","en"],"languages":{"de":{"title":true,"content":true,"excerpt":false},"en":{"title":false,"content":false,"excerpt":false}}},"_links":{"self":[{"href":"https:\/\/gambian-bridge.org\/en\/wp-json\/wp\/v2\/pages\/1011","targetHints":{"allow":["GET"]}}],"collection":[{"href":"https:\/\/gambian-bridge.org\/en\/wp-json\/wp\/v2\/pages"}],"about":[{"href":"https:\/\/gambian-bridge.org\/en\/wp-json\/wp\/v2\/types\/page"}],"author":[{"embeddable":true,"href":"https:\/\/gambian-bridge.org\/en\/wp-json\/wp\/v2\/users\/1"}],"replies":[{"embeddable":true,"href":"https:\/\/gambian-bridge.org\/en\/wp-json\/wp\/v2\/comments?post=1011"}],"version-history":[{"count":48,"href":"https:\/\/gambian-bridge.org\/en\/wp-json\/wp\/v2\/pages\/1011\/revisions"}],"predecessor-version":[{"id":2092,"href":"https:\/\/gambian-bridge.org\/en\/wp-json\/wp\/v2\/pages\/1011\/revisions\/2092"}],"up":[{"embeddable":true,"href":"https:\/\/gambian-bridge.org\/en\/wp-json\/wp\/v2\/pages\/493"}],"wp:attachment":[{"href":"https:\/\/gambian-bridge.org\/en\/wp-json\/wp\/v2\/media?parent=1011"}],"curies":[{"name":"wp","href":"https:\/\/api.w.org\/{rel}","templated":true}]}}